{"id":2552,"date":"2025-06-14T10:15:01","date_gmt":"2025-06-14T08:15:01","guid":{"rendered":"https:\/\/tac-cux.de\/agb\/"},"modified":"2025-07-18T14:17:05","modified_gmt":"2025-07-18T12:17:05","slug":"agb","status":"publish","type":"page","link":"https:\/\/tac-cux.de\/tr\/agb\/","title":{"rendered":"GTC"},"content":{"rendered":"<div data-elementor-type=\"wp-page\" data-elementor-id=\"2552\" class=\"elementor elementor-2552\" data-elementor-settings=\"{&quot;element_pack_global_tooltip_width&quot;:{&quot;unit&quot;:&quot;px&quot;,&quot;size&quot;:&quot;&quot;,&quot;sizes&quot;:[]},&quot;element_pack_global_tooltip_width_tablet&quot;:{&quot;unit&quot;:&quot;px&quot;,&quot;size&quot;:&quot;&quot;,&quot;sizes&quot;:[]},&quot;element_pack_global_tooltip_width_mobile&quot;:{&quot;unit&quot;:&quot;px&quot;,&quot;size&quot;:&quot;&quot;,&quot;sizes&quot;:[]},&quot;element_pack_global_tooltip_padding&quot;:{&quot;unit&quot;:&quot;px&quot;,&quot;top&quot;:&quot;&quot;,&quot;right&quot;:&quot;&quot;,&quot;bottom&quot;:&quot;&quot;,&quot;left&quot;:&quot;&quot;,&quot;isLinked&quot;:true},&quot;element_pack_global_tooltip_padding_tablet&quot;:{&quot;unit&quot;:&quot;px&quot;,&quot;top&quot;:&quot;&quot;,&quot;right&quot;:&quot;&quot;,&quot;bottom&quot;:&quot;&quot;,&quot;left&quot;:&quot;&quot;,&quot;isLinked&quot;:true},&quot;element_pack_global_tooltip_padding_mobile&quot;:{&quot;unit&quot;:&quot;px&quot;,&quot;top&quot;:&quot;&quot;,&quot;right&quot;:&quot;&quot;,&quot;bottom&quot;:&quot;&quot;,&quot;left&quot;:&quot;&quot;,&quot;isLinked&quot;:true},&quot;element_pack_global_tooltip_border_radius&quot;:{&quot;unit&quot;:&quot;px&quot;,&quot;top&quot;:&quot;&quot;,&quot;right&quot;:&quot;&quot;,&quot;bottom&quot;:&quot;&quot;,&quot;left&quot;:&quot;&quot;,&quot;isLinked&quot;:true},&quot;element_pack_global_tooltip_border_radius_tablet&quot;:{&quot;unit&quot;:&quot;px&quot;,&quot;top&quot;:&quot;&quot;,&quot;right&quot;:&quot;&quot;,&quot;bottom&quot;:&quot;&quot;,&quot;left&quot;:&quot;&quot;,&quot;isLinked&quot;:true},&quot;element_pack_global_tooltip_border_radius_mobile&quot;:{&quot;unit&quot;:&quot;px&quot;,&quot;top&quot;:&quot;&quot;,&quot;right&quot;:&quot;&quot;,&quot;bottom&quot;:&quot;&quot;,&quot;left&quot;:&quot;&quot;,&quot;isLinked&quot;:true}}\" data-elementor-post-type=\"page\">\n\t\t\t\t<div class=\"elementor-element elementor-element-f074f34 e-flex e-con-boxed e-con e-parent\" data-id=\"f074f34\" data-element_type=\"container\">\n\t\t\t\t\t<div class=\"e-con-inner\">\n\t\t\t\t<div class=\"elementor-element elementor-element-f41c3f2 elementor-widget elementor-widget-heading\" data-id=\"f41c3f2\" data-element_type=\"widget\" data-widget_type=\"heading.default\">\n\t\t\t\t<div class=\"elementor-widget-container\">\n\t\t\t\t\t<h1 class=\"elementor-heading-title elementor-size-default\">Genel h\u00fck\u00fcm ve ko\u015fullar<\/h1>\t\t\t\t<\/div>\n\t\t\t\t<\/div>\n\t\t\t\t<div class=\"elementor-element elementor-element-ef6316b elementor-widget elementor-widget-text-editor\" data-id=\"ef6316b\" data-element_type=\"widget\" data-widget_type=\"text-editor.default\">\n\t\t\t\t<div class=\"elementor-widget-container\">\n\t\t\t\t\t\t\t\t\t<h2>1. uygulama alan\u0131<\/h2><p>Bu kat\u0131l\u0131m ve s\u00f6zle\u015fme ko\u015fullar\u0131, Technologie- und Ausbildungscampus Cuxhaven GmbH'nin web sitesi \u00fczerinden yaln\u0131zca \u00e7evrimi\u00e7i olarak yap\u0131lmayan t\u00fcm kurs rezervasyonlar\u0131 i\u00e7in ge\u00e7erlidir.<\/p><h2>2. Tan\u0131mlar<\/h2><ul><li><strong>a)<\/strong> Sa\u011flay\u0131c\u0131 Technologie- und Ausbildungscampus Cuxhaven GmbH, Humphry-Davy-Stra\u00dfe 62, 27472 Cuxhaven.<\/li><li><strong>b)<\/strong> Kat\u0131l\u0131mc\u0131, sa\u011flay\u0131c\u0131 taraf\u0131ndan sunulan bir kursa kat\u0131lan veya b\u00f6yle bir kurs i\u00e7in kay\u0131t yapt\u0131ran herhangi bir ki\u015fidir.<\/li><li><strong>c)<\/strong> Kurs \u00fccretleri, bir kurs i\u00e7in belirlenen fiyatlard\u0131r.<\/li><li><strong>d)<\/strong> D\u0131\u015f denetim \u00fccretleri, kamu kurumlar\u0131, sanayi ve ticaret odalar\u0131 gibi \u00fc\u00e7\u00fcnc\u00fc taraflarca yap\u0131lacak denetimler i\u00e7in \u00f6denen \u00fccretlerdir.<\/li><li><strong>e)<\/strong> Dahili s\u0131nav \u00fccretleri, bir s\u0131nava kay\u0131t olurken sa\u011flay\u0131c\u0131n\u0131n kurs \u00fccretlerine ek olarak al\u0131nan \u00fccretlerdir.<\/li><li><strong>f)<\/strong> Di\u011fer \u00fccretler, d) ve\/veya e) harfleri kapsam\u0131na girmeyen ancak bir s\u0131nava girmek i\u00e7in \u00f6denen \u00fccretlerdir.<\/li><\/ul><h2>3. kat\u0131l\u0131m gereklilikleri<\/h2><ol><li>Sa\u011flay\u0131c\u0131 taraf\u0131ndan sunulan kurslara herkes kat\u0131labilir. Bir kurs i\u00e7in s\u00f6zle\u015fme ancak sa\u011flay\u0131c\u0131 bir kabul beyan\u0131 yay\u0131nlad\u0131\u011f\u0131nda imzalan\u0131r. Bu, 5 i\u015f g\u00fcn\u00fc i\u00e7inde e-posta veya mektup postas\u0131 ile g\u00f6nderilmelidir (kat\u0131l\u0131mc\u0131 taraf\u0131ndan al\u0131nmal\u0131d\u0131r). Bu yap\u0131lmazsa veya kabul beyan\u0131 zaman\u0131nda al\u0131nmazsa, s\u00f6zle\u015fme imzalanmaz.<\/li><li>Kat\u0131l\u0131mc\u0131 taraf\u0131ndan talep edilen tan\u0131nm\u0131\u015f bir yeterlilik i\u00e7in giri\u015f ko\u015fullar\u0131 gerekliyse veya Alman Sosyal G\u00fcvenlik Kanunu III uyar\u0131nca finansman talep edilecekse, bunlar kar\u015f\u0131lanmal\u0131d\u0131r. Giri\u015f ko\u015fullar\u0131n\u0131 kontrol etmek kat\u0131l\u0131mc\u0131n\u0131n sorumlulu\u011fundad\u0131r. Kat\u0131l\u0131mc\u0131n\u0131n bu giri\u015f ko\u015fullar\u0131n\u0131 yerine getirmemesi, kurs \u00fccretlerini \u00f6demekten muaf tutulmas\u0131na neden olmaz.<\/li><li>Paragraf 2'den istisna olarak, tedbirlerin bir i\u015f bulma kurumu taraf\u0131ndan s\u00fcbvanse edilmesi halinde eri\u015fim gerekliliklerinin kontrol\u00fcnden sa\u011flay\u0131c\u0131 sorumlu olacakt\u0131r.<\/li><\/ol><h2>4. kay\u0131t<\/h2><ol><li>Bir kursa kat\u0131labilmek i\u00e7in kat\u0131l\u0131mc\u0131n\u0131n bir ba\u015fvuru formu doldurmas\u0131 gerekmektedir. Kat\u0131l\u0131m ve s\u00f6zle\u015fme h\u00fck\u00fcm ve ko\u015fullar\u0131 bu kay\u0131t formuna eklenmi\u015ftir. Bunlar\u0131n ge\u00e7erlili\u011fi kay\u0131t s\u0131ras\u0131nda kat\u0131l\u0131mc\u0131 taraf\u0131ndan onaylan\u0131r.<\/li><li>Bir kurs i\u00e7in s\u00f6zle\u015fme, ancak sa\u011flay\u0131c\u0131 bir kabul beyan\u0131 yay\u0131nlad\u0131\u011f\u0131nda sonu\u00e7land\u0131r\u0131l\u0131r. Bu, 5 i\u015f g\u00fcn\u00fc i\u00e7inde e-posta veya posta yoluyla g\u00f6nderilmelidir (kat\u0131l\u0131mc\u0131 taraf\u0131ndan al\u0131nmal\u0131d\u0131r). Bu yap\u0131lmazsa veya kabul beyan\u0131 zaman\u0131nda al\u0131nmazsa, s\u00f6zle\u015fme imzalanmaz.<\/li><\/ol><h2>5. \u0130stifa<\/h2><ol><li>Kat\u0131l\u0131mc\u0131, s\u00f6zle\u015fmenin imzalanmas\u0131ndan sonraki 14 takvim g\u00fcn\u00fc i\u00e7inde (bkz. No. 4. Paragraf 1 ve 2) neden belirtmeksizin kurstan \u00e7ekilme hakk\u0131na sahiptir. S\u00f6zle\u015fmenin imzalanmas\u0131 ile kursun ba\u015flamas\u0131 aras\u0131nda 14 takvim g\u00fcn\u00fcnden az bir s\u00fcre varsa, iptal hakk\u0131 takvime g\u00f6re kursun ba\u015flad\u0131\u011f\u0131 g\u00fcnden \u00f6nceki g\u00fcn\u00fcn sonunda sona erer.<\/li><li>\u0130ptal, sa\u011flay\u0131c\u0131ya yaz\u0131l\u0131 olarak bildirilmelidir (\u00a7 126b BGB). Sa\u011flay\u0131c\u0131 iptal bildirimini belirtilen s\u00fcreler i\u00e7inde al\u0131rsa, iptal zaman\u0131nda yap\u0131lm\u0131\u015f say\u0131l\u0131r.<\/li><li>Alman Sosyal G\u00fcvenlik Kanunu III uyar\u0131nca istihdam hizmetleri taraf\u0131ndan s\u00fcbvanse edilen mesleki e\u011fitim tedbirlerine kat\u0131lanlar, 1. paragraftaki h\u00fck\u00fcmlere bak\u0131lmaks\u0131z\u0131n, s\u00fcbvansiyonun verilmemesi durumunda s\u00f6zle\u015fmeden \u00e7ekilebilirler. Bu \u015fekilde gerek\u00e7elendirilen fesih sonucunda herhangi bir masraf olu\u015fmayacakt\u0131r. \u0130\u015f idaresi taraf\u0131ndan finansman\u0131n reddedilmesi, kat\u0131l\u0131mc\u0131 taraf\u0131ndan gecikmeksizin sa\u011flay\u0131c\u0131ya kan\u0131tlanmal\u0131d\u0131r (BGB \u00a7 121 paragraf 1 c\u00fcmle 1).<\/li><\/ol><h2>6 \u00d6deme ko\u015fullar\u0131 ve ihtar<\/h2><ol><li>Kat\u0131l\u0131mc\u0131, \u00fccreti a\u015fa\u011f\u0131daki \u015fekilde zaman\u0131nda \u00f6demekle y\u00fck\u00fcml\u00fcd\u00fcr:<ul><li>a) Kurs \u00fccretleri en ge\u00e7 takvime g\u00f6re kursun ba\u015flad\u0131\u011f\u0131 g\u00fcnden bir \u00f6nceki g\u00fcn\u00fcn sonunda.<\/li><li>b) S\u0131nava kay\u0131t g\u00fcn\u00fcnde s\u0131nav \u00fccretleri,<\/li><li>c) Sa\u011flay\u0131c\u0131 taraf\u0131ndan talep edilmesi halinde harici s\u0131nav \u00fccretleri,<\/li><li>d) Kay\u0131t g\u00fcn\u00fc i\u00e7 s\u0131nav \u00fccretleri,<\/li><li>e) Sa\u011flay\u0131c\u0131 taraf\u0131ndan talep edilmesi halinde di\u011fer \u00fccretler<\/li><\/ul><\/li><li>\u00dc\u00e7 aydan uzun s\u00fcren kurslar i\u00e7in taksitle \u00f6deme m\u00fcmk\u00fcnd\u00fcr:<ul><li>a) Taksit say\u0131s\u0131 kursun s\u00fcrd\u00fc\u011f\u00fc ay say\u0131s\u0131na e\u015fittir.<\/li><li>b) Her bir ayl\u0131k taksit tutar\u0131, kurs \u00fccretinin taksit say\u0131s\u0131na b\u00f6l\u00fcnmesiyle hesaplan\u0131r.<\/li><li>c) Her bir taksit, kursun ba\u015flad\u0131\u011f\u0131 ay\u0131n ilk g\u00fcn\u00fcnden ba\u015flamak \u00fczere, taksit d\u00f6neminin her ay\u0131n\u0131n ilk g\u00fcn\u00fc \u00f6denmelidir.<\/li><li>d) Kat\u0131l\u0131mc\u0131n\u0131n ikiden fazla taksit \u00f6demesini geciktirmesi halinde, kararla\u015ft\u0131r\u0131lan taksit \u00f6demesi iptal edilecek ve bu tarihte \u00f6denmemi\u015f olan kalan kurs \u00fccreti derhal muaccel hale gelecektir.<\/li><\/ul><\/li><\/ol><h2>7 \u0130ptal ve fesih<\/h2><ol><li>S\u00fcresi 3 aya kadar olan e\u011fitim kurslar\u0131 zaman\u0131ndan \u00f6nce iptal edilemez. Alman Sosyal Kanunu III uyar\u0131nca bir mesleki e\u011fitim program\u0131 \u00fc\u00e7 aydan daha k\u0131sa b\u00f6l\u00fcmlere ayr\u0131lm\u0131\u015fsa, her b\u00f6l\u00fcm\u00fcn sonunda sonland\u0131r\u0131labilir.<\/li><li>S\u00fcresi 3 aydan fazla olan kurslar, ilk kez ilk \u00fc\u00e7 ay\u0131n sonunda ve sonraki 3 ay\u0131n sonunda olmak \u00fczere 6 haftal\u0131k bir bildirim s\u00fcresiyle, gerek\u00e7e g\u00f6sterilmeksizin iptal edilebilir.<\/li><li>Yukar\u0131dakilere \u00f6rnek olarak 3 \u015eubat'taki tedbirin ba\u015flang\u0131c\u0131 verilebilir:<ul><li>1. iptal tarihi: 21.03. - 02.05.<\/li><li>2. iptal tarihi: 21.06. - 02.08.<\/li><\/ul><\/li><li>\u0130ptal i\u015flemi sa\u011flay\u0131c\u0131ya yaz\u0131l\u0131 olarak bildirilmelidir (BGB Madde 126b).<\/li><li>Derslere devams\u0131zl\u0131k, hi\u00e7bir ko\u015fulda etkili bir iptal bildirimi te\u015fkil etmez. \u00d6\u011fretmenler i\u015ften ayr\u0131lma bildirimlerini kabul etme yetkisine sahip de\u011fildir.<\/li><li>\u0130ptal durumunda, \u00fccretler iptal s\u00fcresinin sonuna kadar tahsil edilecektir.<\/li><li>Ola\u011fan\u00fcst\u00fc iptal hakk\u0131 bundan etkilenmez.<\/li><\/ol><h2>8 Kurs program\u0131 ve de\u011fi\u015fiklikler<\/h2><ol><li>Sa\u011flay\u0131c\u0131, bir kursta verilen e\u011fitimi, s\u00f6zle\u015fmenin imzaland\u0131\u011f\u0131 tarihte ge\u00e7erli olan kurs program\u0131na uygun olarak sunar. Sa\u011flay\u0131c\u0131, kursun amac\u0131 de\u011fi\u015fmedi\u011fi s\u00fcrece m\u00fcfredat\u0131n i\u00e7eri\u011finde de\u011fi\u015fiklik yapabilir.<\/li><li>E\u011fer sa\u011flay\u0131c\u0131 kurstan \u00f6nce veya kurs s\u0131ras\u0131nda kursun amac\u0131n\u0131 de\u011fi\u015ftiren de\u011fi\u015fiklikler yaparsa, bunu kat\u0131l\u0131mc\u0131ya yaz\u0131l\u0131 olarak bildirmelidir. Kat\u0131l\u0131mc\u0131 daha sonra 14 g\u00fcn i\u00e7inde s\u00f6zle\u015fmeden cayma hakk\u0131na sahiptir. \u0130ptal en az\u0131ndan yaz\u0131l\u0131 olarak yap\u0131lmal\u0131d\u0131r.<\/li><li>\u00d6\u011fretim veya e\u011fitim personelinin de\u011fi\u015ftirilmesi, paragraf 2 anlam\u0131nda \u00f6nemli bir de\u011fi\u015fiklik te\u015fkil etmez.<\/li><li>Sa\u011flay\u0131c\u0131, yetersiz kat\u0131l\u0131m, \u00f6\u011fretim veya e\u011fitim personelinin ani hastal\u0131\u011f\u0131 veya di\u011fer \u00f6ng\u00f6r\u00fclemeyen aksakl\u0131klar nedeniyle ilan edilen kurslar\u0131 iptal etme hakk\u0131n\u0131 sakl\u0131 tutar. Bu durumda, halihaz\u0131rda \u00f6denmi\u015f olan t\u00fcm \u00fccretler iade edilecektir.<\/li><\/ol><h2>9 Kat\u0131l\u0131mc\u0131n\u0131n y\u00fck\u00fcml\u00fcl\u00fckleri<\/h2><ol><li>Kat\u0131l\u0131mc\u0131 a\u015fa\u011f\u0131dakileri yapmakla y\u00fck\u00fcml\u00fcd\u00fcr<ul><li>e\u011fitim yerinde ge\u00e7erli olan ev kurallar\u0131na uymak,<\/li><li>Kurs organizat\u00f6rlerinin ve temsilcilerinin talimatlar\u0131na uymak,<\/li><li>derslere d\u00fczenli olarak kat\u0131lmak,<\/li><li>gerekli belgeleri zaman\u0131nda ve eksiksiz olarak teslim edin,<\/li><li>Mesleki e\u011fitim ve okul kanunu h\u00fck\u00fcmlerine uymak,<\/li><li>\u00fc\u00e7\u00fcnc\u00fc taraflar i\u00e7in s\u00f6zle\u015fme tedbirleri ba\u011flam\u0131ndaki y\u00fck\u00fcml\u00fcl\u00fckler.<\/li><\/ul><\/li><li>Bu y\u00fck\u00fcml\u00fcl\u00fckleri tekrar tekrar ihlal eden kat\u0131l\u0131mc\u0131lar derslerden \u00e7\u0131kar\u0131labilir.<\/li><li>Sa\u011flay\u0131c\u0131, 1. paragrafta belirtilen y\u00fck\u00fcml\u00fcl\u00fcklerin ihlali nedeniyle tazminat talep etme hakk\u0131n\u0131 sakl\u0131 tutar.<\/li><\/ol><p>\u00a0<\/p><p>Stat\u00fc: 18\/07\/2025<\/p>\t\t\t\t\t\t\t\t<\/div>\n\t\t\t\t<\/div>\n\t\t\t\t\t<\/div>\n\t\t\t\t<\/div>\n\t\t\t\t<\/div>","protected":false},"excerpt":{"rendered":"<p>Algemeine Gesch\u00e4ftsbedingungen 1. Anwendungsbereich Diese Teilnahme und Vertragsbedingungen gelten f\u00fcr alle Buchungen von Kursen, die nicht ausschlie\u00dflich online \u00fcber die Webseite des Technologie- und Ausbildungscampus Cuxhaven GmbH vorgenommen werden. 2. Begriffsbestimmungen a) Anbieter ist die Technologie- und Ausbildungscampus Cuxhaven GmbH, Humphry-Davy-Stra\u00dfe 62, 27472 Cuxhaven. b) Teilnehmende\/r ist jede Person, die an einem vom Anbieter angebotenen [&hellip;]<\/p>","protected":false},"author":1,"featured_media":0,"parent":0,"menu_order":0,"comment_status":"closed","ping_status":"closed","template":"","meta":{"_acf_changed":false,"footnotes":""},"class_list":["post-2552","page","type-page","status-publish","hentry"],"acf":[],"yoast_head":"<!-- This site is optimized with the Yoast SEO plugin v23.0 - https:\/\/yoast.com\/wordpress\/plugins\/seo\/ -->\n<title>AGB - TAC Cuxhaven<\/title>\n<meta name=\"robots\" content=\"index, follow, max-snippet:-1, max-image-preview:large, max-video-preview:-1\" \/>\n<link rel=\"canonical\" href=\"https:\/\/tac-cux.de\/tr\/agb\/\" \/>\n<meta property=\"og:locale\" content=\"tr_TR\" \/>\n<meta property=\"og:type\" content=\"article\" \/>\n<meta property=\"og:title\" content=\"AGB - TAC Cuxhaven\" \/>\n<meta property=\"og:description\" content=\"Algemeine Gesch\u00e4ftsbedingungen 1. Anwendungsbereich Diese Teilnahme und Vertragsbedingungen gelten f\u00fcr alle Buchungen von Kursen, die nicht ausschlie\u00dflich online \u00fcber die Webseite des Technologie- und Ausbildungscampus Cuxhaven GmbH vorgenommen werden. 2. Begriffsbestimmungen a) Anbieter ist die Technologie- und Ausbildungscampus Cuxhaven GmbH, Humphry-Davy-Stra\u00dfe 62, 27472 Cuxhaven. b) Teilnehmende\/r ist jede Person, die an einem vom Anbieter angebotenen [&hellip;]\" \/>\n<meta property=\"og:url\" content=\"https:\/\/tac-cux.de\/tr\/agb\/\" \/>\n<meta property=\"og:site_name\" content=\"TAC Cuxhaven\" \/>\n<meta property=\"article:modified_time\" content=\"2025-07-18T12:17:05+00:00\" \/>\n<meta name=\"twitter:card\" content=\"summary_large_image\" \/>\n<meta name=\"twitter:label1\" content=\"Tahmini okuma s\u00fcresi\" \/>\n\t<meta name=\"twitter:data1\" content=\"6 dakika\" \/>\n<script type=\"application\/ld+json\" class=\"yoast-schema-graph\">{\"@context\":\"https:\/\/schema.org\",\"@graph\":[{\"@type\":\"WebPage\",\"@id\":\"https:\/\/tac-cux.de\/agb\/\",\"url\":\"https:\/\/tac-cux.de\/agb\/\",\"name\":\"AGB - TAC Cuxhaven\",\"isPartOf\":{\"@id\":\"https:\/\/tac-cux.de\/#website\"},\"datePublished\":\"2025-06-14T08:15:01+00:00\",\"dateModified\":\"2025-07-18T12:17:05+00:00\",\"breadcrumb\":{\"@id\":\"https:\/\/tac-cux.de\/agb\/#breadcrumb\"},\"inLanguage\":\"tr\",\"potentialAction\":[{\"@type\":\"ReadAction\",\"target\":[\"https:\/\/tac-cux.de\/agb\/\"]}]},{\"@type\":\"BreadcrumbList\",\"@id\":\"https:\/\/tac-cux.de\/agb\/#breadcrumb\",\"itemListElement\":[{\"@type\":\"ListItem\",\"position\":1,\"name\":\"Startseite\",\"item\":\"https:\/\/tac-cux.de\/\"},{\"@type\":\"ListItem\",\"position\":2,\"name\":\"AGB\"}]},{\"@type\":\"WebSite\",\"@id\":\"https:\/\/tac-cux.de\/#website\",\"url\":\"https:\/\/tac-cux.de\/\",\"name\":\"TAC Cuxhaven\",\"description\":\"Technologie &amp; Ausbildungscampus\",\"publisher\":{\"@id\":\"https:\/\/tac-cux.de\/#organization\"},\"potentialAction\":[{\"@type\":\"SearchAction\",\"target\":{\"@type\":\"EntryPoint\",\"urlTemplate\":\"https:\/\/tac-cux.de\/?s={search_term_string}\"},\"query-input\":\"required name=search_term_string\"}],\"inLanguage\":\"tr\"},{\"@type\":\"Organization\",\"@id\":\"https:\/\/tac-cux.de\/#organization\",\"name\":\"Technologie & Ausbildungscampus Cuxhaven\",\"alternateName\":\"TAC\",\"url\":\"https:\/\/tac-cux.de\/\",\"logo\":{\"@type\":\"ImageObject\",\"inLanguage\":\"tr\",\"@id\":\"https:\/\/tac-cux.de\/#\/schema\/logo\/image\/\",\"url\":\"https:\/\/tac-cux.de\/wp-content\/uploads\/2024\/06\/tac-logo-min.png\",\"contentUrl\":\"https:\/\/tac-cux.de\/wp-content\/uploads\/2024\/06\/tac-logo-min.png\",\"width\":700,\"height\":260,\"caption\":\"Technologie & Ausbildungscampus Cuxhaven\"},\"image\":{\"@id\":\"https:\/\/tac-cux.de\/#\/schema\/logo\/image\/\"}}]}<\/script>\n<!-- \/ Yoast SEO plugin. -->","yoast_head_json":{"title":"AGB - TAC Cuxhaven","robots":{"index":"index","follow":"follow","max-snippet":"max-snippet:-1","max-image-preview":"max-image-preview:large","max-video-preview":"max-video-preview:-1"},"canonical":"https:\/\/tac-cux.de\/tr\/agb\/","og_locale":"tr_TR","og_type":"article","og_title":"AGB - TAC Cuxhaven","og_description":"Algemeine Gesch\u00e4ftsbedingungen 1. Anwendungsbereich Diese Teilnahme und Vertragsbedingungen gelten f\u00fcr alle Buchungen von Kursen, die nicht ausschlie\u00dflich online \u00fcber die Webseite des Technologie- und Ausbildungscampus Cuxhaven GmbH vorgenommen werden. 2. Begriffsbestimmungen a) Anbieter ist die Technologie- und Ausbildungscampus Cuxhaven GmbH, Humphry-Davy-Stra\u00dfe 62, 27472 Cuxhaven. b) Teilnehmende\/r ist jede Person, die an einem vom Anbieter angebotenen [&hellip;]","og_url":"https:\/\/tac-cux.de\/tr\/agb\/","og_site_name":"TAC Cuxhaven","article_modified_time":"2025-07-18T12:17:05+00:00","twitter_card":"summary_large_image","twitter_misc":{"Tahmini okuma s\u00fcresi":"6 dakika"},"schema":{"@context":"https:\/\/schema.org","@graph":[{"@type":"WebPage","@id":"https:\/\/tac-cux.de\/agb\/","url":"https:\/\/tac-cux.de\/agb\/","name":"AGB - TAC Cuxhaven","isPartOf":{"@id":"https:\/\/tac-cux.de\/#website"},"datePublished":"2025-06-14T08:15:01+00:00","dateModified":"2025-07-18T12:17:05+00:00","breadcrumb":{"@id":"https:\/\/tac-cux.de\/agb\/#breadcrumb"},"inLanguage":"tr","potentialAction":[{"@type":"ReadAction","target":["https:\/\/tac-cux.de\/agb\/"]}]},{"@type":"BreadcrumbList","@id":"https:\/\/tac-cux.de\/agb\/#breadcrumb","itemListElement":[{"@type":"ListItem","position":1,"name":"Startseite","item":"https:\/\/tac-cux.de\/"},{"@type":"ListItem","position":2,"name":"AGB"}]},{"@type":"WebSite","@id":"https:\/\/tac-cux.de\/#website","url":"https:\/\/tac-cux.de\/","name":"TAC Cuxhaven","description":"Teknoloji ve E\u011fitim Kamp\u00fcs\u00fc","publisher":{"@id":"https:\/\/tac-cux.de\/#organization"},"potentialAction":[{"@type":"SearchAction","target":{"@type":"EntryPoint","urlTemplate":"https:\/\/tac-cux.de\/?s={search_term_string}"},"query-input":"required name=search_term_string"}],"inLanguage":"tr"},{"@type":"Organization","@id":"https:\/\/tac-cux.de\/#organization","name":"Teknoloji ve E\u011fitim Kamp\u00fcs\u00fc Cuxhaven","alternateName":"TAC","url":"https:\/\/tac-cux.de\/","logo":{"@type":"ImageObject","inLanguage":"tr","@id":"https:\/\/tac-cux.de\/#\/schema\/logo\/image\/","url":"https:\/\/tac-cux.de\/wp-content\/uploads\/2024\/06\/tac-logo-min.png","contentUrl":"https:\/\/tac-cux.de\/wp-content\/uploads\/2024\/06\/tac-logo-min.png","width":700,"height":260,"caption":"Technologie & Ausbildungscampus Cuxhaven"},"image":{"@id":"https:\/\/tac-cux.de\/#\/schema\/logo\/image\/"}}]}},"_links":{"self":[{"href":"https:\/\/tac-cux.de\/tr\/wp-json\/wp\/v2\/pages\/2552","targetHints":{"allow":["GET"]}}],"collection":[{"href":"https:\/\/tac-cux.de\/tr\/wp-json\/wp\/v2\/pages"}],"about":[{"href":"https:\/\/tac-cux.de\/tr\/wp-json\/wp\/v2\/types\/page"}],"author":[{"embeddable":true,"href":"https:\/\/tac-cux.de\/tr\/wp-json\/wp\/v2\/users\/1"}],"replies":[{"embeddable":true,"href":"https:\/\/tac-cux.de\/tr\/wp-json\/wp\/v2\/comments?post=2552"}],"version-history":[{"count":10,"href":"https:\/\/tac-cux.de\/tr\/wp-json\/wp\/v2\/pages\/2552\/revisions"}],"predecessor-version":[{"id":3680,"href":"https:\/\/tac-cux.de\/tr\/wp-json\/wp\/v2\/pages\/2552\/revisions\/3680"}],"wp:attachment":[{"href":"https:\/\/tac-cux.de\/tr\/wp-json\/wp\/v2\/media?parent=2552"}],"curies":[{"name":"wp","href":"https:\/\/api.w.org\/{rel}","templated":true}]}}