{"id":211,"date":"2024-07-06T09:07:56","date_gmt":"2024-07-06T07:07:56","guid":{"rendered":"https:\/\/tac-cux.de\/?page_id=211"},"modified":"2026-02-06T13:38:55","modified_gmt":"2026-02-06T12:38:55","slug":"impressum","status":"publish","type":"page","link":"https:\/\/tac-cux.de\/pt\/impressum\/","title":{"rendered":"Impress\u00e3o"},"content":{"rendered":"<div data-elementor-type=\"wp-page\" data-elementor-id=\"211\" class=\"elementor elementor-211\" data-elementor-settings=\"{&quot;element_pack_global_tooltip_width&quot;:{&quot;unit&quot;:&quot;px&quot;,&quot;size&quot;:&quot;&quot;,&quot;sizes&quot;:[]},&quot;element_pack_global_tooltip_width_tablet&quot;:{&quot;unit&quot;:&quot;px&quot;,&quot;size&quot;:&quot;&quot;,&quot;sizes&quot;:[]},&quot;element_pack_global_tooltip_width_mobile&quot;:{&quot;unit&quot;:&quot;px&quot;,&quot;size&quot;:&quot;&quot;,&quot;sizes&quot;:[]},&quot;element_pack_global_tooltip_padding&quot;:{&quot;unit&quot;:&quot;px&quot;,&quot;top&quot;:&quot;&quot;,&quot;right&quot;:&quot;&quot;,&quot;bottom&quot;:&quot;&quot;,&quot;left&quot;:&quot;&quot;,&quot;isLinked&quot;:true},&quot;element_pack_global_tooltip_padding_tablet&quot;:{&quot;unit&quot;:&quot;px&quot;,&quot;top&quot;:&quot;&quot;,&quot;right&quot;:&quot;&quot;,&quot;bottom&quot;:&quot;&quot;,&quot;left&quot;:&quot;&quot;,&quot;isLinked&quot;:true},&quot;element_pack_global_tooltip_padding_mobile&quot;:{&quot;unit&quot;:&quot;px&quot;,&quot;top&quot;:&quot;&quot;,&quot;right&quot;:&quot;&quot;,&quot;bottom&quot;:&quot;&quot;,&quot;left&quot;:&quot;&quot;,&quot;isLinked&quot;:true},&quot;element_pack_global_tooltip_border_radius&quot;:{&quot;unit&quot;:&quot;px&quot;,&quot;top&quot;:&quot;&quot;,&quot;right&quot;:&quot;&quot;,&quot;bottom&quot;:&quot;&quot;,&quot;left&quot;:&quot;&quot;,&quot;isLinked&quot;:true},&quot;element_pack_global_tooltip_border_radius_tablet&quot;:{&quot;unit&quot;:&quot;px&quot;,&quot;top&quot;:&quot;&quot;,&quot;right&quot;:&quot;&quot;,&quot;bottom&quot;:&quot;&quot;,&quot;left&quot;:&quot;&quot;,&quot;isLinked&quot;:true},&quot;element_pack_global_tooltip_border_radius_mobile&quot;:{&quot;unit&quot;:&quot;px&quot;,&quot;top&quot;:&quot;&quot;,&quot;right&quot;:&quot;&quot;,&quot;bottom&quot;:&quot;&quot;,&quot;left&quot;:&quot;&quot;,&quot;isLinked&quot;:true}}\" data-elementor-post-type=\"page\">\n\t\t\t\t<div class=\"elementor-element elementor-element-6c3e52fb e-flex e-con-boxed e-con e-parent\" data-id=\"6c3e52fb\" data-element_type=\"container\">\n\t\t\t\t\t<div class=\"e-con-inner\">\n\t\t\t\t<div class=\"elementor-element elementor-element-7b6a1ae elementor-widget elementor-widget-heading\" data-id=\"7b6a1ae\" data-element_type=\"widget\" data-widget_type=\"heading.default\">\n\t\t\t\t<div class=\"elementor-widget-container\">\n\t\t\t\t\t<h1 class=\"elementor-heading-title elementor-size-default\">Impress\u00e3o<\/h1>\t\t\t\t<\/div>\n\t\t\t\t<\/div>\n\t\t\t\t<div class=\"elementor-element elementor-element-6b599f08 elementor-widget elementor-widget-text-editor\" data-id=\"6b599f08\" data-element_type=\"widget\" data-widget_type=\"text-editor.default\">\n\t\t\t\t<div class=\"elementor-widget-container\">\n\t\t\t\t\t\t\t\t\t<p><strong>Campus de Tecnologia e Forma\u00e7\u00e3o de Cuxhaven GmbH<\/strong><\/p><p>Humphry-Davy-Strasse 62<br \/>27472 Cuxhaven<\/p><p>Representado pelo diretor-geral: Thomas Juhl\u00a0<\/p><p><strong>correio eletr\u00f3nico<\/strong><br \/>info@tac-cux.de<\/p><p><strong>Telefone\u00a0<\/strong><br \/>+49 4721 59300-37<\/p><p><strong>Fax\u00a0<\/strong><br \/>+49 4721 59300-29<\/p><p>\u00a0<\/p><p>Inscri\u00e7\u00e3o no registo comercial:<br \/>Tribunal de registo: Tribunal local Tostedt<br \/>N\u00famero de registo: HRB 210290<\/p><p>N\u00famero de identifica\u00e7\u00e3o fiscal de acordo com o \u00a727 da lei relativa ao imposto sobre as vendas:<br \/>DE363394847<\/p><p><strong>Conce\u00e7\u00e3o do s\u00edtio Web<\/strong><br \/><a href=\"https:\/\/21havn.de\">21HAVN<\/a><\/p>\t\t\t\t\t\t\t\t<\/div>\n\t\t\t\t<\/div>\n\t\t\t\t<div class=\"elementor-element elementor-element-79575617 elementor-widget-divider--view-line elementor-widget elementor-widget-divider\" data-id=\"79575617\" data-element_type=\"widget\" data-widget_type=\"divider.default\">\n\t\t\t\t<div class=\"elementor-widget-container\">\n\t\t\t\t\t\t\t<div class=\"elementor-divider\">\n\t\t\t<span class=\"elementor-divider-separator\">\n\t\t\t\t\t\t<\/span>\n\t\t<\/div>\n\t\t\t\t\t\t<\/div>\n\t\t\t\t<\/div>\n\t\t\t\t<div class=\"elementor-element elementor-element-28023e60 elementor-widget elementor-widget-text-editor\" data-id=\"28023e60\" data-element_type=\"widget\" data-widget_type=\"text-editor.default\">\n\t\t\t\t<div class=\"elementor-widget-container\">\n\t\t\t\t\t\t\t\t\t<p><strong>Gr\u00e1ficos e imagens<\/strong><\/p><p>Imagens de Pixabay.com e Unsplash.com:<br \/>Todas as imagens e v\u00eddeos disponibilizados no Pixabay e no Unsplash s\u00e3o do dom\u00ednio p\u00fablico, de acordo com a declara\u00e7\u00e3o de exonera\u00e7\u00e3o de responsabilidade Creative Commons CC0. Na medida do legalmente poss\u00edvel, todos os direitos de autor e direitos conexos sobre os conte\u00fados foram cedidos pelos autores. Por conseguinte, as imagens e os v\u00eddeos n\u00e3o est\u00e3o sujeitos a quaisquer direitos de autor e podem ser utilizados - modificados ou n\u00e3o - gratuitamente para aplica\u00e7\u00f5es comerciais e n\u00e3o comerciais, em formato digital ou impresso, sem cr\u00e9ditos de imagem ou indica\u00e7\u00e3o da fonte.<\/p><p><strong>Cl\u00e1usula de responsabilidade<\/strong><br \/>O conte\u00fado deste projeto Web foi cuidadosamente verificado e compilado de acordo com os nossos conhecimentos. No entanto, n\u00e3o \u00e9 feita qualquer reivindica\u00e7\u00e3o quanto \u00e0 integridade, atualidade, qualidade e corre\u00e7\u00e3o das informa\u00e7\u00f5es aqui apresentadas. N\u00e3o se aceita qualquer responsabilidade por danos de qualquer tipo resultantes da confian\u00e7a no conte\u00fado deste s\u00edtio Web ou da sua utiliza\u00e7\u00e3o.<\/p><p><strong>Direitos de autor<\/strong><br \/>A apresenta\u00e7\u00e3o e o design do s\u00edtio Web no seu todo e os seus elementos individuais est\u00e3o protegidos por direitos de autor. O mesmo se aplica \u00e0s contribui\u00e7\u00f5es editoriais individuais, bem como \u00e0 sua sele\u00e7\u00e3o e compila\u00e7\u00e3o. A sua utiliza\u00e7\u00e3o e reprodu\u00e7\u00e3o s\u00f3 s\u00e3o permitidas para fins privados, n\u00e3o podendo ser efectuadas altera\u00e7\u00f5es e devendo a fonte ser identificada. A utiliza\u00e7\u00e3o p\u00fablica do s\u00edtio Web s\u00f3 \u00e9 permitida com o consentimento do operador. Isto n\u00e3o se aplica \u00e0s informa\u00e7\u00f5es e avisos oficiais. O seu conte\u00fado pode ser utilizado livremente por qualquer pessoa sem autoriza\u00e7\u00e3o especial. As fotografias e gr\u00e1ficos s\u00f3 podem ser utilizados sem autoriza\u00e7\u00e3o especial do operador se tal for expressamente indicado na respectiva p\u00e1gina.<\/p><p><strong>Viola\u00e7\u00e3o dos direitos de propriedade<\/strong><br \/>Se suspeitar que um dos seus direitos de propriedade est\u00e1 a ser violado por este s\u00edtio Web, informe-nos imediatamente para que possamos tomar medidas corretivas imediatas. Aten\u00e7\u00e3o: O envolvimento de um advogado para emitir um aviso, a expensas do fornecedor, n\u00e3o \u00e9 a nossa inten\u00e7\u00e3o e ser\u00e1 rejeitado no sentido do dever de minimizar os danos!<\/p><p><strong>Cl\u00e1usula de rescis\u00e3o<\/strong>Se uma das cl\u00e1usulas\/provis\u00f5es acima referidas for total ou parcialmente inv\u00e1lida devido a disposi\u00e7\u00f5es legais, regulamentos ou altera\u00e7\u00f5es \u00e0 lei, essa disposi\u00e7\u00e3o ser\u00e1 substitu\u00edda pela disposi\u00e7\u00e3o que mais se aproxima do objetivo pretendido da cl\u00e1usula\/provis\u00e3o. Todas as outras disposi\u00e7\u00f5es n\u00e3o ser\u00e3o afectadas por este facto e continuar\u00e3o a ser aplicadas na \u00edntegra.<\/p>\t\t\t\t\t\t\t\t<\/div>\n\t\t\t\t<\/div>\n\t\t\t\t\t<\/div>\n\t\t\t\t<\/div>\n\t\t\t\t<\/div>","protected":false},"excerpt":{"rendered":"<p>Technologie &amp; Ausbildungscampus Cuxhaven GmbH Humphry-Davy-Stra\u00dfe 6227472 Cuxhaven Vertreten durch den Gesch\u00e4ftsf\u00fchrer: Thomas Juhl\u00a0 Emailinfo@tac-cux.de Telefon\u00a0+49 4721 59300-37 Telefax\u00a0+49 4721 59300-29 \u00a0 Eintragung im Handelsregister:Registergericht: Amtsgericht TostedtRegisternummer: HRB 210290 Umsatzsteuer-Identifikationsnummer gem\u00e4\u00df \u00a727 a Umsatzsteuergesetz:DE363394847 Website-Gestaltung21HAVN Grafiken und Bilder Bilder von Pixabay.com und Unsplash.com:Alle bereitgestellten Bilder und Videos auf Pixabay und Unsplash sind gemeinfrei (Public Domain) [&hellip;]<\/p>","protected":false},"author":1,"featured_media":0,"parent":0,"menu_order":0,"comment_status":"closed","ping_status":"closed","template":"","meta":{"_acf_changed":false,"footnotes":""},"class_list":["post-211","page","type-page","status-publish","hentry"],"acf":[],"yoast_head":"<!-- This site is optimized with the Yoast SEO plugin v23.0 - https:\/\/yoast.com\/wordpress\/plugins\/seo\/ -->\n<title>Impressum - TAC Cuxhaven<\/title>\n<meta name=\"robots\" content=\"index, follow, max-snippet:-1, max-image-preview:large, max-video-preview:-1\" \/>\n<link rel=\"canonical\" href=\"https:\/\/tac-cux.de\/pt\/impressum\/\" \/>\n<meta property=\"og:locale\" content=\"pt_PT\" \/>\n<meta property=\"og:type\" content=\"article\" \/>\n<meta property=\"og:title\" content=\"Impressum - TAC Cuxhaven\" \/>\n<meta property=\"og:description\" content=\"Technologie &amp; Ausbildungscampus Cuxhaven GmbH Humphry-Davy-Stra\u00dfe 6227472 Cuxhaven Vertreten durch den Gesch\u00e4ftsf\u00fchrer: Thomas Juhl\u00a0 Emailinfo@tac-cux.de Telefon\u00a0+49 4721 59300-37 Telefax\u00a0+49 4721 59300-29 \u00a0 Eintragung im Handelsregister:Registergericht: Amtsgericht TostedtRegisternummer: HRB 210290 Umsatzsteuer-Identifikationsnummer gem\u00e4\u00df \u00a727 a Umsatzsteuergesetz:DE363394847 Website-Gestaltung21HAVN Grafiken und Bilder Bilder von Pixabay.com und Unsplash.com:Alle bereitgestellten Bilder und Videos auf Pixabay und Unsplash sind gemeinfrei (Public Domain) [&hellip;]\" \/>\n<meta property=\"og:url\" content=\"https:\/\/tac-cux.de\/pt\/impressum\/\" \/>\n<meta property=\"og:site_name\" content=\"TAC Cuxhaven\" \/>\n<meta property=\"article:modified_time\" content=\"2026-02-06T12:38:55+00:00\" \/>\n<meta name=\"twitter:card\" content=\"summary_large_image\" \/>\n<meta name=\"twitter:label1\" content=\"Tempo estimado de leitura\" \/>\n\t<meta name=\"twitter:data1\" content=\"3 minutos\" \/>\n<script type=\"application\/ld+json\" class=\"yoast-schema-graph\">{\"@context\":\"https:\/\/schema.org\",\"@graph\":[{\"@type\":\"WebPage\",\"@id\":\"https:\/\/tac-cux.de\/impressum\/\",\"url\":\"https:\/\/tac-cux.de\/impressum\/\",\"name\":\"Impressum - TAC Cuxhaven\",\"isPartOf\":{\"@id\":\"https:\/\/tac-cux.de\/#website\"},\"datePublished\":\"2024-07-06T07:07:56+00:00\",\"dateModified\":\"2026-02-06T12:38:55+00:00\",\"breadcrumb\":{\"@id\":\"https:\/\/tac-cux.de\/impressum\/#breadcrumb\"},\"inLanguage\":\"pt-PT\",\"potentialAction\":[{\"@type\":\"ReadAction\",\"target\":[\"https:\/\/tac-cux.de\/impressum\/\"]}]},{\"@type\":\"BreadcrumbList\",\"@id\":\"https:\/\/tac-cux.de\/impressum\/#breadcrumb\",\"itemListElement\":[{\"@type\":\"ListItem\",\"position\":1,\"name\":\"Startseite\",\"item\":\"https:\/\/tac-cux.de\/\"},{\"@type\":\"ListItem\",\"position\":2,\"name\":\"Impressum\"}]},{\"@type\":\"WebSite\",\"@id\":\"https:\/\/tac-cux.de\/#website\",\"url\":\"https:\/\/tac-cux.de\/\",\"name\":\"TAC Cuxhaven\",\"description\":\"Technologie &amp; Ausbildungscampus\",\"publisher\":{\"@id\":\"https:\/\/tac-cux.de\/#organization\"},\"potentialAction\":[{\"@type\":\"SearchAction\",\"target\":{\"@type\":\"EntryPoint\",\"urlTemplate\":\"https:\/\/tac-cux.de\/?s={search_term_string}\"},\"query-input\":\"required name=search_term_string\"}],\"inLanguage\":\"pt-PT\"},{\"@type\":\"Organization\",\"@id\":\"https:\/\/tac-cux.de\/#organization\",\"name\":\"Technologie & Ausbildungscampus Cuxhaven\",\"alternateName\":\"TAC\",\"url\":\"https:\/\/tac-cux.de\/\",\"logo\":{\"@type\":\"ImageObject\",\"inLanguage\":\"pt-PT\",\"@id\":\"https:\/\/tac-cux.de\/#\/schema\/logo\/image\/\",\"url\":\"https:\/\/tac-cux.de\/wp-content\/uploads\/2024\/06\/tac-logo-min.png\",\"contentUrl\":\"https:\/\/tac-cux.de\/wp-content\/uploads\/2024\/06\/tac-logo-min.png\",\"width\":700,\"height\":260,\"caption\":\"Technologie & Ausbildungscampus Cuxhaven\"},\"image\":{\"@id\":\"https:\/\/tac-cux.de\/#\/schema\/logo\/image\/\"}}]}<\/script>\n<!-- \/ Yoast SEO plugin. -->","yoast_head_json":{"title":"Impressum - TAC Cuxhaven","robots":{"index":"index","follow":"follow","max-snippet":"max-snippet:-1","max-image-preview":"max-image-preview:large","max-video-preview":"max-video-preview:-1"},"canonical":"https:\/\/tac-cux.de\/pt\/impressum\/","og_locale":"pt_PT","og_type":"article","og_title":"Impressum - TAC Cuxhaven","og_description":"Technologie &amp; Ausbildungscampus Cuxhaven GmbH Humphry-Davy-Stra\u00dfe 6227472 Cuxhaven Vertreten durch den Gesch\u00e4ftsf\u00fchrer: Thomas Juhl\u00a0 Emailinfo@tac-cux.de Telefon\u00a0+49 4721 59300-37 Telefax\u00a0+49 4721 59300-29 \u00a0 Eintragung im Handelsregister:Registergericht: Amtsgericht TostedtRegisternummer: HRB 210290 Umsatzsteuer-Identifikationsnummer gem\u00e4\u00df \u00a727 a Umsatzsteuergesetz:DE363394847 Website-Gestaltung21HAVN Grafiken und Bilder Bilder von Pixabay.com und Unsplash.com:Alle bereitgestellten Bilder und Videos auf Pixabay und Unsplash sind gemeinfrei (Public Domain) [&hellip;]","og_url":"https:\/\/tac-cux.de\/pt\/impressum\/","og_site_name":"TAC Cuxhaven","article_modified_time":"2026-02-06T12:38:55+00:00","twitter_card":"summary_large_image","twitter_misc":{"Tempo estimado de leitura":"3 minutos"},"schema":{"@context":"https:\/\/schema.org","@graph":[{"@type":"WebPage","@id":"https:\/\/tac-cux.de\/impressum\/","url":"https:\/\/tac-cux.de\/impressum\/","name":"Impressum - TAC Cuxhaven","isPartOf":{"@id":"https:\/\/tac-cux.de\/#website"},"datePublished":"2024-07-06T07:07:56+00:00","dateModified":"2026-02-06T12:38:55+00:00","breadcrumb":{"@id":"https:\/\/tac-cux.de\/impressum\/#breadcrumb"},"inLanguage":"pt-PT","potentialAction":[{"@type":"ReadAction","target":["https:\/\/tac-cux.de\/impressum\/"]}]},{"@type":"BreadcrumbList","@id":"https:\/\/tac-cux.de\/impressum\/#breadcrumb","itemListElement":[{"@type":"ListItem","position":1,"name":"Startseite","item":"https:\/\/tac-cux.de\/"},{"@type":"ListItem","position":2,"name":"Impressum"}]},{"@type":"WebSite","@id":"https:\/\/tac-cux.de\/#website","url":"https:\/\/tac-cux.de\/","name":"TAC Cuxhaven","description":"Campus de Tecnologia e Forma\u00e7\u00e3o","publisher":{"@id":"https:\/\/tac-cux.de\/#organization"},"potentialAction":[{"@type":"SearchAction","target":{"@type":"EntryPoint","urlTemplate":"https:\/\/tac-cux.de\/?s={search_term_string}"},"query-input":"required name=search_term_string"}],"inLanguage":"pt-PT"},{"@type":"Organization","@id":"https:\/\/tac-cux.de\/#organization","name":"Campus de Tecnologia e Forma\u00e7\u00e3o de Cuxhaven","alternateName":"TAC","url":"https:\/\/tac-cux.de\/","logo":{"@type":"ImageObject","inLanguage":"pt-PT","@id":"https:\/\/tac-cux.de\/#\/schema\/logo\/image\/","url":"https:\/\/tac-cux.de\/wp-content\/uploads\/2024\/06\/tac-logo-min.png","contentUrl":"https:\/\/tac-cux.de\/wp-content\/uploads\/2024\/06\/tac-logo-min.png","width":700,"height":260,"caption":"Technologie & Ausbildungscampus Cuxhaven"},"image":{"@id":"https:\/\/tac-cux.de\/#\/schema\/logo\/image\/"}}]}},"_links":{"self":[{"href":"https:\/\/tac-cux.de\/pt\/wp-json\/wp\/v2\/pages\/211","targetHints":{"allow":["GET"]}}],"collection":[{"href":"https:\/\/tac-cux.de\/pt\/wp-json\/wp\/v2\/pages"}],"about":[{"href":"https:\/\/tac-cux.de\/pt\/wp-json\/wp\/v2\/types\/page"}],"author":[{"embeddable":true,"href":"https:\/\/tac-cux.de\/pt\/wp-json\/wp\/v2\/users\/1"}],"replies":[{"embeddable":true,"href":"https:\/\/tac-cux.de\/pt\/wp-json\/wp\/v2\/comments?post=211"}],"version-history":[{"count":16,"href":"https:\/\/tac-cux.de\/pt\/wp-json\/wp\/v2\/pages\/211\/revisions"}],"predecessor-version":[{"id":11366,"href":"https:\/\/tac-cux.de\/pt\/wp-json\/wp\/v2\/pages\/211\/revisions\/11366"}],"wp:attachment":[{"href":"https:\/\/tac-cux.de\/pt\/wp-json\/wp\/v2\/media?parent=211"}],"curies":[{"name":"wp","href":"https:\/\/api.w.org\/{rel}","templated":true}]}}