{"id":2552,"date":"2025-06-14T10:15:01","date_gmt":"2025-06-14T08:15:01","guid":{"rendered":"https:\/\/tac-cux.de\/agb\/"},"modified":"2025-07-18T14:17:05","modified_gmt":"2025-07-18T12:17:05","slug":"agb","status":"publish","type":"page","link":"https:\/\/tac-cux.de\/pl\/agb\/","title":{"rendered":"GTC"},"content":{"rendered":"<div data-elementor-type=\"wp-page\" data-elementor-id=\"2552\" class=\"elementor elementor-2552\" data-elementor-settings=\"{&quot;element_pack_global_tooltip_width&quot;:{&quot;unit&quot;:&quot;px&quot;,&quot;size&quot;:&quot;&quot;,&quot;sizes&quot;:[]},&quot;element_pack_global_tooltip_width_tablet&quot;:{&quot;unit&quot;:&quot;px&quot;,&quot;size&quot;:&quot;&quot;,&quot;sizes&quot;:[]},&quot;element_pack_global_tooltip_width_mobile&quot;:{&quot;unit&quot;:&quot;px&quot;,&quot;size&quot;:&quot;&quot;,&quot;sizes&quot;:[]},&quot;element_pack_global_tooltip_padding&quot;:{&quot;unit&quot;:&quot;px&quot;,&quot;top&quot;:&quot;&quot;,&quot;right&quot;:&quot;&quot;,&quot;bottom&quot;:&quot;&quot;,&quot;left&quot;:&quot;&quot;,&quot;isLinked&quot;:true},&quot;element_pack_global_tooltip_padding_tablet&quot;:{&quot;unit&quot;:&quot;px&quot;,&quot;top&quot;:&quot;&quot;,&quot;right&quot;:&quot;&quot;,&quot;bottom&quot;:&quot;&quot;,&quot;left&quot;:&quot;&quot;,&quot;isLinked&quot;:true},&quot;element_pack_global_tooltip_padding_mobile&quot;:{&quot;unit&quot;:&quot;px&quot;,&quot;top&quot;:&quot;&quot;,&quot;right&quot;:&quot;&quot;,&quot;bottom&quot;:&quot;&quot;,&quot;left&quot;:&quot;&quot;,&quot;isLinked&quot;:true},&quot;element_pack_global_tooltip_border_radius&quot;:{&quot;unit&quot;:&quot;px&quot;,&quot;top&quot;:&quot;&quot;,&quot;right&quot;:&quot;&quot;,&quot;bottom&quot;:&quot;&quot;,&quot;left&quot;:&quot;&quot;,&quot;isLinked&quot;:true},&quot;element_pack_global_tooltip_border_radius_tablet&quot;:{&quot;unit&quot;:&quot;px&quot;,&quot;top&quot;:&quot;&quot;,&quot;right&quot;:&quot;&quot;,&quot;bottom&quot;:&quot;&quot;,&quot;left&quot;:&quot;&quot;,&quot;isLinked&quot;:true},&quot;element_pack_global_tooltip_border_radius_mobile&quot;:{&quot;unit&quot;:&quot;px&quot;,&quot;top&quot;:&quot;&quot;,&quot;right&quot;:&quot;&quot;,&quot;bottom&quot;:&quot;&quot;,&quot;left&quot;:&quot;&quot;,&quot;isLinked&quot;:true}}\" data-elementor-post-type=\"page\">\n\t\t\t\t<div class=\"elementor-element elementor-element-f074f34 e-flex e-con-boxed e-con e-parent\" data-id=\"f074f34\" data-element_type=\"container\">\n\t\t\t\t\t<div class=\"e-con-inner\">\n\t\t\t\t<div class=\"elementor-element elementor-element-f41c3f2 elementor-widget elementor-widget-heading\" data-id=\"f41c3f2\" data-element_type=\"widget\" data-widget_type=\"heading.default\">\n\t\t\t\t<div class=\"elementor-widget-container\">\n\t\t\t\t\t<h1 class=\"elementor-heading-title elementor-size-default\">Og\u00f3lne warunki handlowe<\/h1>\t\t\t\t<\/div>\n\t\t\t\t<\/div>\n\t\t\t\t<div class=\"elementor-element elementor-element-ef6316b elementor-widget elementor-widget-text-editor\" data-id=\"ef6316b\" data-element_type=\"widget\" data-widget_type=\"text-editor.default\">\n\t\t\t\t<div class=\"elementor-widget-container\">\n\t\t\t\t\t\t\t\t\t<h2>1. obszar zastosowania<\/h2><p>Niniejsze warunki uczestnictwa i umowy maj\u0105 zastosowanie do wszystkich rezerwacji kurs\u00f3w, kt\u00f3re nie s\u0105 dokonywane wy\u0142\u0105cznie online za po\u015brednictwem strony internetowej Technologie- und Ausbildungscampus Cuxhaven GmbH.<\/p><h2>2. definicje<\/h2><ul><li><strong>a)<\/strong> Podmiotem \u015bwiadcz\u0105cym us\u0142ugi jest Technologie- und Ausbildungscampus Cuxhaven GmbH, Humphry-Davy-Stra\u00dfe 62, 27472 Cuxhaven.<\/li><li><strong>b)<\/strong> Uczestnikiem jest ka\u017cda osoba, kt\u00f3ra bierze udzia\u0142 w kursie oferowanym przez dostawc\u0119 lub zarejestrowa\u0142a si\u0119 na taki kurs.<\/li><li><strong>c)<\/strong> Op\u0142aty za kurs s\u0105 cenami za kurs.<\/li><li><strong>d)<\/strong> Op\u0142aty za audyt zewn\u0119trzny to op\u0142aty ponoszone przez strony trzecie za przeprowadzane audyty, np. w\u0142adze publiczne, izby przemys\u0142owe i handlowe.<\/li><li><strong>e)<\/strong> Wewn\u0119trzne op\u0142aty egzaminacyjne to te, kt\u00f3re s\u0105 ponoszone opr\u00f3cz op\u0142at za kurs dostawcy podczas rejestracji na egzamin.<\/li><li><strong>f)<\/strong> Inne op\u0142aty to te, kt\u00f3re nie s\u0105 obj\u0119te literami d) i\/lub e), ale s\u0105 ponoszone w zwi\u0105zku z przyst\u0105pieniem do egzaminu.<\/li><\/ul><h2>3. wymagania dotycz\u0105ce uczestnictwa<\/h2><ol><li>Ka\u017cdy mo\u017ce wzi\u0105\u0107 udzia\u0142 w kursach oferowanych przez dostawc\u0119. Umowa o udzia\u0142 w kursie zostaje zawarta dopiero w momencie wystawienia przez organizatora o\u015bwiadczenia o przyj\u0119ciu na kurs. O\u015bwiadczenie to musi zosta\u0107 wys\u0142ane poczt\u0105 elektroniczn\u0105 lub listownie w ci\u0105gu 5 dni roboczych (po otrzymaniu przez uczestnika). Je\u015bli nie zostanie to zrobione lub o\u015bwiadczenie o akceptacji nie zostanie otrzymane na czas, umowa nie zostanie zawarta.<\/li><li>Je\u015bli warunki dost\u0119pu s\u0105 niezb\u0119dne do uzyskania uznanych kwalifikacji, o kt\u00f3re ubiega si\u0119 uczestnik, lub je\u015bli nale\u017cy ubiega\u0107 si\u0119 o dofinansowanie zgodnie z niemieckim kodeksem zabezpieczenia spo\u0142ecznego III, musz\u0105 one zosta\u0107 spe\u0142nione. Obowi\u0105zkiem uczestnika jest sprawdzenie wymog\u00f3w wst\u0119pnych. Je\u015bli uczestnik nie spe\u0142nia tych wymaga\u0144 wst\u0119pnych, nie zwalnia go to z obowi\u0105zku uiszczenia op\u0142at za kurs.<\/li><li>W drodze odst\u0119pstwa od ust. 2, us\u0142ugodawca jest odpowiedzialny za sprawdzenie wymog\u00f3w dost\u0119pu, je\u015bli \u015brodki s\u0105 subsydiowane przez agencj\u0119 pracy.<\/li><\/ol><h2>4. rejestracja<\/h2><ol><li>Aby wzi\u0105\u0107 udzia\u0142 w kursie, uczestnik musi wype\u0142ni\u0107 formularz zg\u0142oszeniowy. Warunki uczestnictwa i umowa stanowi\u0105 za\u0142\u0105cznik do niniejszego formularza rejestracyjnego. Ich wa\u017cno\u015b\u0107 jest potwierdzana przez uczestnika w momencie rejestracji.<\/li><li>Umowa o udzia\u0142 w kursie zostaje zawarta dopiero wtedy, gdy organizator wystawi o\u015bwiadczenie o przyj\u0119ciu zg\u0142oszenia. O\u015bwiadczenie to musi zosta\u0107 wys\u0142ane poczt\u0105 elektroniczn\u0105 lub listownie w ci\u0105gu 5 dni roboczych (po otrzymaniu przez uczestnika). Je\u015bli nie zostanie to zrobione lub je\u015bli o\u015bwiadczenie o akceptacji nie zostanie otrzymane na czas, umowa nie zostanie zawarta.<\/li><\/ol><h2>5. rezygnacja<\/h2><ol><li>Uczestnik ma prawo do rezygnacji z kursu w terminie 14 dni kalendarzowych od dnia zawarcia umowy (por. nr 4. ust. 1 i 2) bez podania przyczyn. Je\u017celi mi\u0119dzy zawarciem umowy a rozpocz\u0119ciem kursu up\u0142yn\u0119\u0142o mniej ni\u017c 14 dni kalendarzowych, prawo do odst\u0105pienia od umowy wygasa z ko\u0144cem dnia poprzedzaj\u0105cego dzie\u0144 rozpocz\u0119cia kursu zgodnie z kalendarzem.<\/li><li>Rezygnacja musi zosta\u0107 zg\u0142oszona us\u0142ugodawcy w formie tekstowej (\u00a7 126b BGB). Anulowanie uznaje si\u0119 za dokonane we w\u0142a\u015bciwym czasie, je\u015bli us\u0142ugodawca otrzyma powiadomienie o anulowaniu w okre\u015blonych terminach.<\/li><li>Uczestnicy szkole\u0144 zawodowych, kt\u00f3re s\u0105 dotowane przez s\u0142u\u017cby zatrudnienia zgodnie z niemieckim kodeksem zabezpieczenia spo\u0142ecznego III, mog\u0105 odst\u0105pi\u0107 od umowy, je\u015bli dotacja nie zostanie przyznana, niezale\u017cnie od postanowie\u0144 ust. 1. W wyniku tak uzasadnionego odst\u0105pienia od umowy nie powstaj\u0105 \u017cadne koszty. Odrzucenie dofinansowania przez administracj\u0119 pracy musi zosta\u0107 niezw\u0142ocznie udowodnione us\u0142ugodawcy przez uczestnika (\u00a7 121 ust. 1 zdanie 1 BGB).<\/li><\/ol><h2>6 Warunki p\u0142atno\u015bci i monitowanie<\/h2><ol><li>Uczestnik jest zobowi\u0105zany do terminowego uiszczenia op\u0142aty w nast\u0119puj\u0105cy spos\u00f3b:<ul><li>a) Op\u0142aty za kurs najp\u00f3\u017aniej do ko\u0144ca dnia poprzedzaj\u0105cego dzie\u0144 rozpocz\u0119cia kursu zgodnie z kalendarzem.<\/li><li>b) Op\u0142aty egzaminacyjne w dniu rejestracji na egzamin,<\/li><li>c) Op\u0142aty za egzaminy zewn\u0119trzne na wniosek dostawcy,<\/li><li>d) Op\u0142aty za egzamin wewn\u0119trzny w dniu rejestracji,<\/li><li>e) Inne op\u0142aty na wniosek dostawcy<\/li><\/ul><\/li><li>W przypadku kurs\u00f3w trwaj\u0105cych d\u0142u\u017cej ni\u017c 3 miesi\u0105ce mo\u017cliwa jest p\u0142atno\u015b\u0107 w ratach:<ul><li>a) Liczba rat jest r\u00f3wna liczbie miesi\u0119cy trwania kursu.<\/li><li>b) Wysoko\u015b\u0107 ka\u017cdej miesi\u0119cznej raty jest obliczana poprzez podzielenie op\u0142aty za kurs przez liczb\u0119 rat.<\/li><li>c) Ka\u017cda pojedyncza rata jest p\u0142atna pierwszego dnia ka\u017cdego miesi\u0105ca okresu ratalnego, pocz\u0105wszy od pierwszego dnia miesi\u0105ca, w kt\u00f3rym rozpoczyna si\u0119 kurs.<\/li><li>d) Je\u015bli uczestnik zalega z zap\u0142at\u0105 wi\u0119cej ni\u017c dw\u00f3ch rat, uzgodniona p\u0142atno\u015b\u0107 ratalna zostanie anulowana, a pozosta\u0142a do zap\u0142aty op\u0142ata za kurs stanie si\u0119 natychmiast wymagalna.<\/li><\/ul><\/li><\/ol><h2>7 Anulowanie i rozwi\u0105zanie umowy<\/h2><ol><li>Szkolenia trwaj\u0105ce do 3 miesi\u0119cy nie mog\u0105 zosta\u0107 przedwcze\u015bnie zako\u0144czone. Je\u015bli program szkolenia zawodowego zgodnie z niemieckim kodeksem socjalnym III jest podzielony na cz\u0119\u015bci kr\u00f3tsze ni\u017c trzy miesi\u0105ce, mo\u017ce on zosta\u0107 zako\u0144czony po zako\u0144czeniu ka\u017cdej z nich.<\/li><li>Kursy trwaj\u0105ce d\u0142u\u017cej ni\u017c 3 miesi\u0105ce mog\u0105 zosta\u0107 anulowane z zachowaniem 6-tygodniowego okresu wypowiedzenia, po raz pierwszy na koniec pierwszych trzech miesi\u0119cy, a nast\u0119pnie na koniec kolejnych 3 miesi\u0119cy, bez podania przyczyny.<\/li><li>Przyk\u0142ad powy\u017cszego na pocz\u0105tku pomiaru w dniu 3 lutego:<ul><li>1. data anulowania: od 21.03. do 02.05.<\/li><li>2. data anulowania: od 21.06. do 02.08.<\/li><\/ul><\/li><li>Anulowanie musi zosta\u0107 zg\u0142oszone dostawcy w formie tekstowej (\u00a7 126b BGB).<\/li><li>Nieobecno\u015b\u0107 na lekcjach w \u017cadnym wypadku nie stanowi skutecznego wypowiedzenia. Nauczyciele nie s\u0105 upowa\u017cnieni do przyjmowania wypowiedze\u0144.<\/li><li>W przypadku anulowania op\u0142aty b\u0119d\u0105 naliczane do ko\u0144ca okresu anulowania.<\/li><li>Prawo do nadzwyczajnego anulowania pozostaje nienaruszone.<\/li><\/ol><h2>8 Program kursu i zmiany<\/h2><ol><li>Us\u0142ugodawca oferuje nauk\u0119 w ramach kursu zgodnie z programem kursu obowi\u0105zuj\u0105cym w chwili zawarcia umowy. Dostawca mo\u017ce wprowadza\u0107 zmiany w tre\u015bci program\u00f3w nauczania, o ile cel kursu pozostaje niezmieniony.<\/li><li>Je\u015bli organizator wprowadzi zmiany przed lub w trakcie kursu, kt\u00f3re zmieni\u0105 cel kursu, musi poinformowa\u0107 o tym uczestnika na pi\u015bmie. Uczestnik ma w\u00f3wczas prawo do odst\u0105pienia od umowy w ci\u0105gu 14 dni. Odst\u0105pienie od umowy musi nast\u0105pi\u0107 przynajmniej w formie tekstowej.<\/li><li>Wymiana kadry dydaktycznej lub szkoleniowej nie stanowi istotnej zmiany w rozumieniu ust. 2.<\/li><li>Organizator zastrzega sobie prawo do odwo\u0142ania og\u0142oszonych kurs\u00f3w z powodu niewystarczaj\u0105cej liczby uczestnik\u00f3w, nag\u0142ej choroby personelu dydaktycznego lub szkoleniowego lub innych nieprzewidzianych zak\u0142\u00f3ce\u0144. W takim przypadku wszelkie ju\u017c uiszczone op\u0142aty zostan\u0105 zwr\u00f3cone.<\/li><\/ol><h2>9 Obowi\u0105zki uczestnika<\/h2><ol><li>Uczestnik zobowi\u0105zany jest do<ul><li>przestrzegania zasad obowi\u0105zuj\u0105cych w miejscu szkolenia,<\/li><li>przestrzegania instrukcji organizator\u00f3w kursu i ich przedstawicieli,<\/li><li>regularnie ucz\u0119szcza\u0107 na zaj\u0119cia,<\/li><li>z\u0142o\u017cy\u0107 wymagane dokumenty w odpowiednim czasie i w ca\u0142o\u015bci,<\/li><li>przestrzega\u0107 przepis\u00f3w dotycz\u0105cych kszta\u0142cenia zawodowego i prawa szkolnego,<\/li><li>obowi\u0105zki w kontek\u015bcie \u015brodk\u00f3w umownych na rzecz os\u00f3b trzecich.<\/li><\/ul><\/li><li>Uczestnicy, kt\u00f3rzy wielokrotnie naruszaj\u0105 te zobowi\u0105zania, mog\u0105 zosta\u0107 wykluczeni z zaj\u0119\u0107.<\/li><li>Us\u0142ugodawca zastrzega sobie prawo do dochodzenia roszcze\u0144 odszkodowawczych z tytu\u0142u naruszenia obowi\u0105zk\u00f3w, o kt\u00f3rych mowa w ust. 1.<\/li><\/ol><p>\u00a0<\/p><p>Status: 18\/07\/2025<\/p>\t\t\t\t\t\t\t\t<\/div>\n\t\t\t\t<\/div>\n\t\t\t\t\t<\/div>\n\t\t\t\t<\/div>\n\t\t\t\t<\/div>","protected":false},"excerpt":{"rendered":"<p>Algemeine Gesch\u00e4ftsbedingungen 1. Anwendungsbereich Diese Teilnahme und Vertragsbedingungen gelten f\u00fcr alle Buchungen von Kursen, die nicht ausschlie\u00dflich online \u00fcber die Webseite des Technologie- und Ausbildungscampus Cuxhaven GmbH vorgenommen werden. 2. Begriffsbestimmungen a) Anbieter ist die Technologie- und Ausbildungscampus Cuxhaven GmbH, Humphry-Davy-Stra\u00dfe 62, 27472 Cuxhaven. b) Teilnehmende\/r ist jede Person, die an einem vom Anbieter angebotenen [&hellip;]<\/p>","protected":false},"author":1,"featured_media":0,"parent":0,"menu_order":0,"comment_status":"closed","ping_status":"closed","template":"","meta":{"_acf_changed":false,"footnotes":""},"class_list":["post-2552","page","type-page","status-publish","hentry"],"acf":[],"yoast_head":"<!-- This site is optimized with the Yoast SEO plugin v23.0 - https:\/\/yoast.com\/wordpress\/plugins\/seo\/ -->\n<title>AGB - TAC Cuxhaven<\/title>\n<meta name=\"robots\" content=\"index, follow, max-snippet:-1, max-image-preview:large, max-video-preview:-1\" \/>\n<link rel=\"canonical\" href=\"https:\/\/tac-cux.de\/pl\/agb\/\" \/>\n<meta property=\"og:locale\" content=\"pl_PL\" \/>\n<meta property=\"og:type\" content=\"article\" \/>\n<meta property=\"og:title\" content=\"AGB - TAC Cuxhaven\" \/>\n<meta property=\"og:description\" content=\"Algemeine Gesch\u00e4ftsbedingungen 1. Anwendungsbereich Diese Teilnahme und Vertragsbedingungen gelten f\u00fcr alle Buchungen von Kursen, die nicht ausschlie\u00dflich online \u00fcber die Webseite des Technologie- und Ausbildungscampus Cuxhaven GmbH vorgenommen werden. 2. Begriffsbestimmungen a) Anbieter ist die Technologie- und Ausbildungscampus Cuxhaven GmbH, Humphry-Davy-Stra\u00dfe 62, 27472 Cuxhaven. b) Teilnehmende\/r ist jede Person, die an einem vom Anbieter angebotenen [&hellip;]\" \/>\n<meta property=\"og:url\" content=\"https:\/\/tac-cux.de\/pl\/agb\/\" \/>\n<meta property=\"og:site_name\" content=\"TAC Cuxhaven\" \/>\n<meta property=\"article:modified_time\" content=\"2025-07-18T12:17:05+00:00\" \/>\n<meta name=\"twitter:card\" content=\"summary_large_image\" \/>\n<meta name=\"twitter:label1\" content=\"Szacowany czas czytania\" \/>\n\t<meta name=\"twitter:data1\" content=\"6 minut\" \/>\n<script type=\"application\/ld+json\" class=\"yoast-schema-graph\">{\"@context\":\"https:\/\/schema.org\",\"@graph\":[{\"@type\":\"WebPage\",\"@id\":\"https:\/\/tac-cux.de\/agb\/\",\"url\":\"https:\/\/tac-cux.de\/agb\/\",\"name\":\"AGB - TAC Cuxhaven\",\"isPartOf\":{\"@id\":\"https:\/\/tac-cux.de\/#website\"},\"datePublished\":\"2025-06-14T08:15:01+00:00\",\"dateModified\":\"2025-07-18T12:17:05+00:00\",\"breadcrumb\":{\"@id\":\"https:\/\/tac-cux.de\/agb\/#breadcrumb\"},\"inLanguage\":\"pl-PL\",\"potentialAction\":[{\"@type\":\"ReadAction\",\"target\":[\"https:\/\/tac-cux.de\/agb\/\"]}]},{\"@type\":\"BreadcrumbList\",\"@id\":\"https:\/\/tac-cux.de\/agb\/#breadcrumb\",\"itemListElement\":[{\"@type\":\"ListItem\",\"position\":1,\"name\":\"Startseite\",\"item\":\"https:\/\/tac-cux.de\/\"},{\"@type\":\"ListItem\",\"position\":2,\"name\":\"AGB\"}]},{\"@type\":\"WebSite\",\"@id\":\"https:\/\/tac-cux.de\/#website\",\"url\":\"https:\/\/tac-cux.de\/\",\"name\":\"TAC Cuxhaven\",\"description\":\"Technologie &amp; Ausbildungscampus\",\"publisher\":{\"@id\":\"https:\/\/tac-cux.de\/#organization\"},\"potentialAction\":[{\"@type\":\"SearchAction\",\"target\":{\"@type\":\"EntryPoint\",\"urlTemplate\":\"https:\/\/tac-cux.de\/?s={search_term_string}\"},\"query-input\":\"required name=search_term_string\"}],\"inLanguage\":\"pl-PL\"},{\"@type\":\"Organization\",\"@id\":\"https:\/\/tac-cux.de\/#organization\",\"name\":\"Technologie & Ausbildungscampus Cuxhaven\",\"alternateName\":\"TAC\",\"url\":\"https:\/\/tac-cux.de\/\",\"logo\":{\"@type\":\"ImageObject\",\"inLanguage\":\"pl-PL\",\"@id\":\"https:\/\/tac-cux.de\/#\/schema\/logo\/image\/\",\"url\":\"https:\/\/tac-cux.de\/wp-content\/uploads\/2024\/06\/tac-logo-min.png\",\"contentUrl\":\"https:\/\/tac-cux.de\/wp-content\/uploads\/2024\/06\/tac-logo-min.png\",\"width\":700,\"height\":260,\"caption\":\"Technologie & Ausbildungscampus Cuxhaven\"},\"image\":{\"@id\":\"https:\/\/tac-cux.de\/#\/schema\/logo\/image\/\"}}]}<\/script>\n<!-- \/ Yoast SEO plugin. -->","yoast_head_json":{"title":"AGB - TAC Cuxhaven","robots":{"index":"index","follow":"follow","max-snippet":"max-snippet:-1","max-image-preview":"max-image-preview:large","max-video-preview":"max-video-preview:-1"},"canonical":"https:\/\/tac-cux.de\/pl\/agb\/","og_locale":"pl_PL","og_type":"article","og_title":"AGB - TAC Cuxhaven","og_description":"Algemeine Gesch\u00e4ftsbedingungen 1. Anwendungsbereich Diese Teilnahme und Vertragsbedingungen gelten f\u00fcr alle Buchungen von Kursen, die nicht ausschlie\u00dflich online \u00fcber die Webseite des Technologie- und Ausbildungscampus Cuxhaven GmbH vorgenommen werden. 2. Begriffsbestimmungen a) Anbieter ist die Technologie- und Ausbildungscampus Cuxhaven GmbH, Humphry-Davy-Stra\u00dfe 62, 27472 Cuxhaven. b) Teilnehmende\/r ist jede Person, die an einem vom Anbieter angebotenen [&hellip;]","og_url":"https:\/\/tac-cux.de\/pl\/agb\/","og_site_name":"TAC Cuxhaven","article_modified_time":"2025-07-18T12:17:05+00:00","twitter_card":"summary_large_image","twitter_misc":{"Szacowany czas czytania":"6 minut"},"schema":{"@context":"https:\/\/schema.org","@graph":[{"@type":"WebPage","@id":"https:\/\/tac-cux.de\/agb\/","url":"https:\/\/tac-cux.de\/agb\/","name":"AGB - TAC Cuxhaven","isPartOf":{"@id":"https:\/\/tac-cux.de\/#website"},"datePublished":"2025-06-14T08:15:01+00:00","dateModified":"2025-07-18T12:17:05+00:00","breadcrumb":{"@id":"https:\/\/tac-cux.de\/agb\/#breadcrumb"},"inLanguage":"pl-PL","potentialAction":[{"@type":"ReadAction","target":["https:\/\/tac-cux.de\/agb\/"]}]},{"@type":"BreadcrumbList","@id":"https:\/\/tac-cux.de\/agb\/#breadcrumb","itemListElement":[{"@type":"ListItem","position":1,"name":"Startseite","item":"https:\/\/tac-cux.de\/"},{"@type":"ListItem","position":2,"name":"AGB"}]},{"@type":"WebSite","@id":"https:\/\/tac-cux.de\/#website","url":"https:\/\/tac-cux.de\/","name":"TAC Cuxhaven","description":"Technologie &amp; Ausbildungscampus","publisher":{"@id":"https:\/\/tac-cux.de\/#organization"},"potentialAction":[{"@type":"SearchAction","target":{"@type":"EntryPoint","urlTemplate":"https:\/\/tac-cux.de\/?s={search_term_string}"},"query-input":"required name=search_term_string"}],"inLanguage":"pl-PL"},{"@type":"Organization","@id":"https:\/\/tac-cux.de\/#organization","name":"Technologie & Ausbildungscampus Cuxhaven","alternateName":"TAC","url":"https:\/\/tac-cux.de\/","logo":{"@type":"ImageObject","inLanguage":"pl-PL","@id":"https:\/\/tac-cux.de\/#\/schema\/logo\/image\/","url":"https:\/\/tac-cux.de\/wp-content\/uploads\/2024\/06\/tac-logo-min.png","contentUrl":"https:\/\/tac-cux.de\/wp-content\/uploads\/2024\/06\/tac-logo-min.png","width":700,"height":260,"caption":"Technologie & Ausbildungscampus Cuxhaven"},"image":{"@id":"https:\/\/tac-cux.de\/#\/schema\/logo\/image\/"}}]}},"_links":{"self":[{"href":"https:\/\/tac-cux.de\/pl\/wp-json\/wp\/v2\/pages\/2552","targetHints":{"allow":["GET"]}}],"collection":[{"href":"https:\/\/tac-cux.de\/pl\/wp-json\/wp\/v2\/pages"}],"about":[{"href":"https:\/\/tac-cux.de\/pl\/wp-json\/wp\/v2\/types\/page"}],"author":[{"embeddable":true,"href":"https:\/\/tac-cux.de\/pl\/wp-json\/wp\/v2\/users\/1"}],"replies":[{"embeddable":true,"href":"https:\/\/tac-cux.de\/pl\/wp-json\/wp\/v2\/comments?post=2552"}],"version-history":[{"count":10,"href":"https:\/\/tac-cux.de\/pl\/wp-json\/wp\/v2\/pages\/2552\/revisions"}],"predecessor-version":[{"id":3680,"href":"https:\/\/tac-cux.de\/pl\/wp-json\/wp\/v2\/pages\/2552\/revisions\/3680"}],"wp:attachment":[{"href":"https:\/\/tac-cux.de\/pl\/wp-json\/wp\/v2\/media?parent=2552"}],"curies":[{"name":"wp","href":"https:\/\/api.w.org\/{rel}","templated":true}]}}