{"id":211,"date":"2024-07-06T09:07:56","date_gmt":"2024-07-06T07:07:56","guid":{"rendered":"https:\/\/tac-cux.de\/?page_id=211"},"modified":"2026-02-06T13:38:55","modified_gmt":"2026-02-06T12:38:55","slug":"impressum","status":"publish","type":"page","link":"https:\/\/tac-cux.de\/pl\/impressum\/","title":{"rendered":"Nadruk"},"content":{"rendered":"<div data-elementor-type=\"wp-page\" data-elementor-id=\"211\" class=\"elementor elementor-211\" data-elementor-settings=\"{&quot;element_pack_global_tooltip_width&quot;:{&quot;unit&quot;:&quot;px&quot;,&quot;size&quot;:&quot;&quot;,&quot;sizes&quot;:[]},&quot;element_pack_global_tooltip_width_tablet&quot;:{&quot;unit&quot;:&quot;px&quot;,&quot;size&quot;:&quot;&quot;,&quot;sizes&quot;:[]},&quot;element_pack_global_tooltip_width_mobile&quot;:{&quot;unit&quot;:&quot;px&quot;,&quot;size&quot;:&quot;&quot;,&quot;sizes&quot;:[]},&quot;element_pack_global_tooltip_padding&quot;:{&quot;unit&quot;:&quot;px&quot;,&quot;top&quot;:&quot;&quot;,&quot;right&quot;:&quot;&quot;,&quot;bottom&quot;:&quot;&quot;,&quot;left&quot;:&quot;&quot;,&quot;isLinked&quot;:true},&quot;element_pack_global_tooltip_padding_tablet&quot;:{&quot;unit&quot;:&quot;px&quot;,&quot;top&quot;:&quot;&quot;,&quot;right&quot;:&quot;&quot;,&quot;bottom&quot;:&quot;&quot;,&quot;left&quot;:&quot;&quot;,&quot;isLinked&quot;:true},&quot;element_pack_global_tooltip_padding_mobile&quot;:{&quot;unit&quot;:&quot;px&quot;,&quot;top&quot;:&quot;&quot;,&quot;right&quot;:&quot;&quot;,&quot;bottom&quot;:&quot;&quot;,&quot;left&quot;:&quot;&quot;,&quot;isLinked&quot;:true},&quot;element_pack_global_tooltip_border_radius&quot;:{&quot;unit&quot;:&quot;px&quot;,&quot;top&quot;:&quot;&quot;,&quot;right&quot;:&quot;&quot;,&quot;bottom&quot;:&quot;&quot;,&quot;left&quot;:&quot;&quot;,&quot;isLinked&quot;:true},&quot;element_pack_global_tooltip_border_radius_tablet&quot;:{&quot;unit&quot;:&quot;px&quot;,&quot;top&quot;:&quot;&quot;,&quot;right&quot;:&quot;&quot;,&quot;bottom&quot;:&quot;&quot;,&quot;left&quot;:&quot;&quot;,&quot;isLinked&quot;:true},&quot;element_pack_global_tooltip_border_radius_mobile&quot;:{&quot;unit&quot;:&quot;px&quot;,&quot;top&quot;:&quot;&quot;,&quot;right&quot;:&quot;&quot;,&quot;bottom&quot;:&quot;&quot;,&quot;left&quot;:&quot;&quot;,&quot;isLinked&quot;:true}}\" data-elementor-post-type=\"page\">\n\t\t\t\t<div class=\"elementor-element elementor-element-6c3e52fb e-flex e-con-boxed e-con e-parent\" data-id=\"6c3e52fb\" data-element_type=\"container\">\n\t\t\t\t\t<div class=\"e-con-inner\">\n\t\t\t\t<div class=\"elementor-element elementor-element-7b6a1ae elementor-widget elementor-widget-heading\" data-id=\"7b6a1ae\" data-element_type=\"widget\" data-widget_type=\"heading.default\">\n\t\t\t\t<div class=\"elementor-widget-container\">\n\t\t\t\t\t<h1 class=\"elementor-heading-title elementor-size-default\">Nadruk<\/h1>\t\t\t\t<\/div>\n\t\t\t\t<\/div>\n\t\t\t\t<div class=\"elementor-element elementor-element-6b599f08 elementor-widget elementor-widget-text-editor\" data-id=\"6b599f08\" data-element_type=\"widget\" data-widget_type=\"text-editor.default\">\n\t\t\t\t<div class=\"elementor-widget-container\">\n\t\t\t\t\t\t\t\t\t<p><strong>Kampus technologiczny i szkoleniowy Cuxhaven GmbH<\/strong><\/p><p>Humphry-Davy-Strasse 62<br \/>27472 Cuxhaven<\/p><p>Reprezentowany przez dyrektora zarz\u0105dzaj\u0105cego: Thomas Juhl\u00a0<\/p><p><strong>e-mail<\/strong><br \/>info@tac-cux.de<\/p><p><strong>Telefon\u00a0<\/strong><br \/>+49 4721 59300-37<\/p><p><strong>Faks\u00a0<\/strong><br \/>+49 4721 59300-29<\/p><p>\u00a0<\/p><p>Wpis do rejestru handlowego:<br \/>S\u0105d rejestrowy: S\u0105d lokalny Tostedt<br \/>Numer rejestracyjny: HRB 210290<\/p><p>Numer identyfikacji podatkowej zgodnie z \u00a727 ustawy o podatku od sprzeda\u017cy:<br \/>DE363394847<\/p><p><strong>Projektowanie stron internetowych<\/strong><br \/><a href=\"https:\/\/21havn.de\">21HAVN<\/a><\/p>\t\t\t\t\t\t\t\t<\/div>\n\t\t\t\t<\/div>\n\t\t\t\t<div class=\"elementor-element elementor-element-79575617 elementor-widget-divider--view-line elementor-widget elementor-widget-divider\" data-id=\"79575617\" data-element_type=\"widget\" data-widget_type=\"divider.default\">\n\t\t\t\t<div class=\"elementor-widget-container\">\n\t\t\t\t\t\t\t<div class=\"elementor-divider\">\n\t\t\t<span class=\"elementor-divider-separator\">\n\t\t\t\t\t\t<\/span>\n\t\t<\/div>\n\t\t\t\t\t\t<\/div>\n\t\t\t\t<\/div>\n\t\t\t\t<div class=\"elementor-element elementor-element-28023e60 elementor-widget elementor-widget-text-editor\" data-id=\"28023e60\" data-element_type=\"widget\" data-widget_type=\"text-editor.default\">\n\t\t\t\t<div class=\"elementor-widget-container\">\n\t\t\t\t\t\t\t\t\t<p><strong>Grafika i obrazy<\/strong><\/p><p>Obrazy z Pixabay.com i Unsplash.com:<br \/>Wszystkie obrazy i filmy udost\u0119pnione w serwisach Pixabay i Unsplash nale\u017c\u0105 do domeny publicznej zgodnie z zastrze\u017ceniem Creative Commons CC0. O ile jest to prawnie mo\u017cliwe, wszystkie prawa autorskie i prawa pokrewne do tre\u015bci zosta\u0142y przeniesione przez autor\u00f3w. Obrazy i filmy nie podlegaj\u0105 zatem \u017cadnym prawom autorskim i mog\u0105 by\u0107 wykorzystywane - zmodyfikowane lub niezmodyfikowane - bezp\u0142atnie do zastosowa\u0144 komercyjnych i niekomercyjnych w formie cyfrowej lub drukowanej bez napis\u00f3w na obrazie lub wskazania \u017ar\u00f3d\u0142a.<\/p><p><strong>Klauzula odpowiedzialno\u015bci<\/strong><br \/>Zawarto\u015b\u0107 tego projektu internetowego zosta\u0142a starannie sprawdzona i opracowana zgodnie z nasz\u0105 najlepsz\u0105 wiedz\u0105. Jednak\u017ce, nie ma \u017cadnych roszcze\u0144 co do kompletno\u015bci, aktualno\u015bci, jako\u015bci i poprawno\u015bci przedstawionych tu informacji. Nie ponosimy odpowiedzialno\u015bci za jakiekolwiek szkody wynikaj\u0105ce z polegania na zawarto\u015bci tej strony internetowej lub jej u\u017cytkowania.<\/p><p><strong>Prawa autorskie<\/strong><br \/>Uk\u0142ad i projekt strony internetowej jako ca\u0142o\u015bci oraz jej poszczeg\u00f3lne elementy s\u0105 chronione prawem autorskim. To samo dotyczy poszczeg\u00f3lnych wk\u0142ad\u00f3w redakcyjnych, jak r\u00f3wnie\u017c ich wyboru i kompilacji. Dalsze wykorzystywanie i powielanie jest dozwolone wy\u0142\u0105cznie do cel\u00f3w prywatnych, bez wprowadzania zmian i z podaniem \u017ar\u00f3d\u0142a. Publiczne korzystanie ze strony internetowej jest dozwolone wy\u0142\u0105cznie za zgod\u0105 operatora. Nie dotyczy to oficjalnych informacji i og\u0142osze\u0144. Ich tre\u015b\u0107 mo\u017ce by\u0107 swobodnie wykorzystywana przez ka\u017cdego bez specjalnego zezwolenia. Zdj\u0119cia i grafiki mog\u0105 by\u0107 wykorzystywane bez specjalnego zezwolenia operatora tylko wtedy, gdy jest to wyra\u017anie okre\u015blone na odpowiedniej stronie.<\/p><p><strong>Naruszenie praw w\u0142asno\u015bci<\/strong><br \/>Je\u015bli podejrzewasz, \u017ce jedno z Twoich praw w\u0142asno\u015bci jest naruszane przez t\u0119 stron\u0119 internetow\u0105, poinformuj nas o tym niezw\u0142ocznie, aby\u015bmy mogli podj\u0105\u0107 natychmiastowe dzia\u0142ania zaradcze. Uwaga: zaanga\u017cowanie prawnika w celu wydania ostrze\u017cenia na koszt dostawcy nie jest naszym zamiarem i zostanie odrzucone w poczuciu obowi\u0105zku minimalizacji szk\u00f3d!<\/p><p><strong>Klauzula salwatoryjna<\/strong>Je\u017celi jedna z powy\u017cszych klauzul\/przepis\u00f3w jest ca\u0142kowicie lub cz\u0119\u015bciowo niewa\u017cna z powodu przepis\u00f3w ustawowych, rozporz\u0105dze\u0144 lub zmian w prawie, postanowienie to zostanie zast\u0105pione postanowieniem, kt\u00f3re jest najbli\u017csze zamierzonemu celowi klauzuli\/przepisu. Wszystkie pozosta\u0142e postanowienia pozostan\u0105 nienaruszone i b\u0119d\u0105 nadal obowi\u0105zywa\u0107 w pe\u0142nym zakresie.<\/p>\t\t\t\t\t\t\t\t<\/div>\n\t\t\t\t<\/div>\n\t\t\t\t\t<\/div>\n\t\t\t\t<\/div>\n\t\t\t\t<\/div>","protected":false},"excerpt":{"rendered":"<p>Technologie &amp; Ausbildungscampus Cuxhaven GmbH Humphry-Davy-Stra\u00dfe 6227472 Cuxhaven Vertreten durch den Gesch\u00e4ftsf\u00fchrer: Thomas Juhl\u00a0 Emailinfo@tac-cux.de Telefon\u00a0+49 4721 59300-37 Telefax\u00a0+49 4721 59300-29 \u00a0 Eintragung im Handelsregister:Registergericht: Amtsgericht TostedtRegisternummer: HRB 210290 Umsatzsteuer-Identifikationsnummer gem\u00e4\u00df \u00a727 a Umsatzsteuergesetz:DE363394847 Website-Gestaltung21HAVN Grafiken und Bilder Bilder von Pixabay.com und Unsplash.com:Alle bereitgestellten Bilder und Videos auf Pixabay und Unsplash sind gemeinfrei (Public Domain) [&hellip;]<\/p>","protected":false},"author":1,"featured_media":0,"parent":0,"menu_order":0,"comment_status":"closed","ping_status":"closed","template":"","meta":{"_acf_changed":false,"footnotes":""},"class_list":["post-211","page","type-page","status-publish","hentry"],"acf":[],"yoast_head":"<!-- This site is optimized with the Yoast SEO plugin v23.0 - https:\/\/yoast.com\/wordpress\/plugins\/seo\/ -->\n<title>Impressum - TAC Cuxhaven<\/title>\n<meta name=\"robots\" content=\"index, follow, max-snippet:-1, max-image-preview:large, max-video-preview:-1\" \/>\n<link rel=\"canonical\" href=\"https:\/\/tac-cux.de\/pl\/impressum\/\" \/>\n<meta property=\"og:locale\" content=\"pl_PL\" \/>\n<meta property=\"og:type\" content=\"article\" \/>\n<meta property=\"og:title\" content=\"Impressum - TAC Cuxhaven\" \/>\n<meta property=\"og:description\" content=\"Technologie &amp; Ausbildungscampus Cuxhaven GmbH Humphry-Davy-Stra\u00dfe 6227472 Cuxhaven Vertreten durch den Gesch\u00e4ftsf\u00fchrer: Thomas Juhl\u00a0 Emailinfo@tac-cux.de Telefon\u00a0+49 4721 59300-37 Telefax\u00a0+49 4721 59300-29 \u00a0 Eintragung im Handelsregister:Registergericht: Amtsgericht TostedtRegisternummer: HRB 210290 Umsatzsteuer-Identifikationsnummer gem\u00e4\u00df \u00a727 a Umsatzsteuergesetz:DE363394847 Website-Gestaltung21HAVN Grafiken und Bilder Bilder von Pixabay.com und Unsplash.com:Alle bereitgestellten Bilder und Videos auf Pixabay und Unsplash sind gemeinfrei (Public Domain) [&hellip;]\" \/>\n<meta property=\"og:url\" content=\"https:\/\/tac-cux.de\/pl\/impressum\/\" \/>\n<meta property=\"og:site_name\" content=\"TAC Cuxhaven\" \/>\n<meta property=\"article:modified_time\" content=\"2026-02-06T12:38:55+00:00\" \/>\n<meta name=\"twitter:card\" content=\"summary_large_image\" \/>\n<meta name=\"twitter:label1\" content=\"Szacowany czas czytania\" \/>\n\t<meta name=\"twitter:data1\" content=\"3 minuty\" \/>\n<script type=\"application\/ld+json\" class=\"yoast-schema-graph\">{\"@context\":\"https:\/\/schema.org\",\"@graph\":[{\"@type\":\"WebPage\",\"@id\":\"https:\/\/tac-cux.de\/impressum\/\",\"url\":\"https:\/\/tac-cux.de\/impressum\/\",\"name\":\"Impressum - TAC Cuxhaven\",\"isPartOf\":{\"@id\":\"https:\/\/tac-cux.de\/#website\"},\"datePublished\":\"2024-07-06T07:07:56+00:00\",\"dateModified\":\"2026-02-06T12:38:55+00:00\",\"breadcrumb\":{\"@id\":\"https:\/\/tac-cux.de\/impressum\/#breadcrumb\"},\"inLanguage\":\"pl-PL\",\"potentialAction\":[{\"@type\":\"ReadAction\",\"target\":[\"https:\/\/tac-cux.de\/impressum\/\"]}]},{\"@type\":\"BreadcrumbList\",\"@id\":\"https:\/\/tac-cux.de\/impressum\/#breadcrumb\",\"itemListElement\":[{\"@type\":\"ListItem\",\"position\":1,\"name\":\"Startseite\",\"item\":\"https:\/\/tac-cux.de\/\"},{\"@type\":\"ListItem\",\"position\":2,\"name\":\"Impressum\"}]},{\"@type\":\"WebSite\",\"@id\":\"https:\/\/tac-cux.de\/#website\",\"url\":\"https:\/\/tac-cux.de\/\",\"name\":\"TAC Cuxhaven\",\"description\":\"Technologie &amp; Ausbildungscampus\",\"publisher\":{\"@id\":\"https:\/\/tac-cux.de\/#organization\"},\"potentialAction\":[{\"@type\":\"SearchAction\",\"target\":{\"@type\":\"EntryPoint\",\"urlTemplate\":\"https:\/\/tac-cux.de\/?s={search_term_string}\"},\"query-input\":\"required name=search_term_string\"}],\"inLanguage\":\"pl-PL\"},{\"@type\":\"Organization\",\"@id\":\"https:\/\/tac-cux.de\/#organization\",\"name\":\"Technologie & Ausbildungscampus Cuxhaven\",\"alternateName\":\"TAC\",\"url\":\"https:\/\/tac-cux.de\/\",\"logo\":{\"@type\":\"ImageObject\",\"inLanguage\":\"pl-PL\",\"@id\":\"https:\/\/tac-cux.de\/#\/schema\/logo\/image\/\",\"url\":\"https:\/\/tac-cux.de\/wp-content\/uploads\/2024\/06\/tac-logo-min.png\",\"contentUrl\":\"https:\/\/tac-cux.de\/wp-content\/uploads\/2024\/06\/tac-logo-min.png\",\"width\":700,\"height\":260,\"caption\":\"Technologie & Ausbildungscampus Cuxhaven\"},\"image\":{\"@id\":\"https:\/\/tac-cux.de\/#\/schema\/logo\/image\/\"}}]}<\/script>\n<!-- \/ Yoast SEO plugin. -->","yoast_head_json":{"title":"Impressum - TAC Cuxhaven","robots":{"index":"index","follow":"follow","max-snippet":"max-snippet:-1","max-image-preview":"max-image-preview:large","max-video-preview":"max-video-preview:-1"},"canonical":"https:\/\/tac-cux.de\/pl\/impressum\/","og_locale":"pl_PL","og_type":"article","og_title":"Impressum - TAC Cuxhaven","og_description":"Technologie &amp; Ausbildungscampus Cuxhaven GmbH Humphry-Davy-Stra\u00dfe 6227472 Cuxhaven Vertreten durch den Gesch\u00e4ftsf\u00fchrer: Thomas Juhl\u00a0 Emailinfo@tac-cux.de Telefon\u00a0+49 4721 59300-37 Telefax\u00a0+49 4721 59300-29 \u00a0 Eintragung im Handelsregister:Registergericht: Amtsgericht TostedtRegisternummer: HRB 210290 Umsatzsteuer-Identifikationsnummer gem\u00e4\u00df \u00a727 a Umsatzsteuergesetz:DE363394847 Website-Gestaltung21HAVN Grafiken und Bilder Bilder von Pixabay.com und Unsplash.com:Alle bereitgestellten Bilder und Videos auf Pixabay und Unsplash sind gemeinfrei (Public Domain) [&hellip;]","og_url":"https:\/\/tac-cux.de\/pl\/impressum\/","og_site_name":"TAC Cuxhaven","article_modified_time":"2026-02-06T12:38:55+00:00","twitter_card":"summary_large_image","twitter_misc":{"Szacowany czas czytania":"3 minuty"},"schema":{"@context":"https:\/\/schema.org","@graph":[{"@type":"WebPage","@id":"https:\/\/tac-cux.de\/impressum\/","url":"https:\/\/tac-cux.de\/impressum\/","name":"Impressum - TAC Cuxhaven","isPartOf":{"@id":"https:\/\/tac-cux.de\/#website"},"datePublished":"2024-07-06T07:07:56+00:00","dateModified":"2026-02-06T12:38:55+00:00","breadcrumb":{"@id":"https:\/\/tac-cux.de\/impressum\/#breadcrumb"},"inLanguage":"pl-PL","potentialAction":[{"@type":"ReadAction","target":["https:\/\/tac-cux.de\/impressum\/"]}]},{"@type":"BreadcrumbList","@id":"https:\/\/tac-cux.de\/impressum\/#breadcrumb","itemListElement":[{"@type":"ListItem","position":1,"name":"Startseite","item":"https:\/\/tac-cux.de\/"},{"@type":"ListItem","position":2,"name":"Impressum"}]},{"@type":"WebSite","@id":"https:\/\/tac-cux.de\/#website","url":"https:\/\/tac-cux.de\/","name":"TAC Cuxhaven","description":"Technologie &amp; Ausbildungscampus","publisher":{"@id":"https:\/\/tac-cux.de\/#organization"},"potentialAction":[{"@type":"SearchAction","target":{"@type":"EntryPoint","urlTemplate":"https:\/\/tac-cux.de\/?s={search_term_string}"},"query-input":"required name=search_term_string"}],"inLanguage":"pl-PL"},{"@type":"Organization","@id":"https:\/\/tac-cux.de\/#organization","name":"Technologie & Ausbildungscampus Cuxhaven","alternateName":"TAC","url":"https:\/\/tac-cux.de\/","logo":{"@type":"ImageObject","inLanguage":"pl-PL","@id":"https:\/\/tac-cux.de\/#\/schema\/logo\/image\/","url":"https:\/\/tac-cux.de\/wp-content\/uploads\/2024\/06\/tac-logo-min.png","contentUrl":"https:\/\/tac-cux.de\/wp-content\/uploads\/2024\/06\/tac-logo-min.png","width":700,"height":260,"caption":"Technologie & Ausbildungscampus Cuxhaven"},"image":{"@id":"https:\/\/tac-cux.de\/#\/schema\/logo\/image\/"}}]}},"_links":{"self":[{"href":"https:\/\/tac-cux.de\/pl\/wp-json\/wp\/v2\/pages\/211","targetHints":{"allow":["GET"]}}],"collection":[{"href":"https:\/\/tac-cux.de\/pl\/wp-json\/wp\/v2\/pages"}],"about":[{"href":"https:\/\/tac-cux.de\/pl\/wp-json\/wp\/v2\/types\/page"}],"author":[{"embeddable":true,"href":"https:\/\/tac-cux.de\/pl\/wp-json\/wp\/v2\/users\/1"}],"replies":[{"embeddable":true,"href":"https:\/\/tac-cux.de\/pl\/wp-json\/wp\/v2\/comments?post=211"}],"version-history":[{"count":16,"href":"https:\/\/tac-cux.de\/pl\/wp-json\/wp\/v2\/pages\/211\/revisions"}],"predecessor-version":[{"id":11366,"href":"https:\/\/tac-cux.de\/pl\/wp-json\/wp\/v2\/pages\/211\/revisions\/11366"}],"wp:attachment":[{"href":"https:\/\/tac-cux.de\/pl\/wp-json\/wp\/v2\/media?parent=211"}],"curies":[{"name":"wp","href":"https:\/\/api.w.org\/{rel}","templated":true}]}}