{"id":211,"date":"2024-07-06T09:07:56","date_gmt":"2024-07-06T07:07:56","guid":{"rendered":"https:\/\/tac-cux.de\/?page_id=211"},"modified":"2026-02-06T13:38:55","modified_gmt":"2026-02-06T12:38:55","slug":"impressum","status":"publish","type":"page","link":"https:\/\/tac-cux.de\/nl\/impressum\/","title":{"rendered":"Afdruk"},"content":{"rendered":"<div data-elementor-type=\"wp-page\" data-elementor-id=\"211\" class=\"elementor elementor-211\" data-elementor-settings=\"{&quot;element_pack_global_tooltip_width&quot;:{&quot;unit&quot;:&quot;px&quot;,&quot;size&quot;:&quot;&quot;,&quot;sizes&quot;:[]},&quot;element_pack_global_tooltip_width_tablet&quot;:{&quot;unit&quot;:&quot;px&quot;,&quot;size&quot;:&quot;&quot;,&quot;sizes&quot;:[]},&quot;element_pack_global_tooltip_width_mobile&quot;:{&quot;unit&quot;:&quot;px&quot;,&quot;size&quot;:&quot;&quot;,&quot;sizes&quot;:[]},&quot;element_pack_global_tooltip_padding&quot;:{&quot;unit&quot;:&quot;px&quot;,&quot;top&quot;:&quot;&quot;,&quot;right&quot;:&quot;&quot;,&quot;bottom&quot;:&quot;&quot;,&quot;left&quot;:&quot;&quot;,&quot;isLinked&quot;:true},&quot;element_pack_global_tooltip_padding_tablet&quot;:{&quot;unit&quot;:&quot;px&quot;,&quot;top&quot;:&quot;&quot;,&quot;right&quot;:&quot;&quot;,&quot;bottom&quot;:&quot;&quot;,&quot;left&quot;:&quot;&quot;,&quot;isLinked&quot;:true},&quot;element_pack_global_tooltip_padding_mobile&quot;:{&quot;unit&quot;:&quot;px&quot;,&quot;top&quot;:&quot;&quot;,&quot;right&quot;:&quot;&quot;,&quot;bottom&quot;:&quot;&quot;,&quot;left&quot;:&quot;&quot;,&quot;isLinked&quot;:true},&quot;element_pack_global_tooltip_border_radius&quot;:{&quot;unit&quot;:&quot;px&quot;,&quot;top&quot;:&quot;&quot;,&quot;right&quot;:&quot;&quot;,&quot;bottom&quot;:&quot;&quot;,&quot;left&quot;:&quot;&quot;,&quot;isLinked&quot;:true},&quot;element_pack_global_tooltip_border_radius_tablet&quot;:{&quot;unit&quot;:&quot;px&quot;,&quot;top&quot;:&quot;&quot;,&quot;right&quot;:&quot;&quot;,&quot;bottom&quot;:&quot;&quot;,&quot;left&quot;:&quot;&quot;,&quot;isLinked&quot;:true},&quot;element_pack_global_tooltip_border_radius_mobile&quot;:{&quot;unit&quot;:&quot;px&quot;,&quot;top&quot;:&quot;&quot;,&quot;right&quot;:&quot;&quot;,&quot;bottom&quot;:&quot;&quot;,&quot;left&quot;:&quot;&quot;,&quot;isLinked&quot;:true}}\" data-elementor-post-type=\"page\">\n\t\t\t\t<div class=\"elementor-element elementor-element-6c3e52fb e-flex e-con-boxed e-con e-parent\" data-id=\"6c3e52fb\" data-element_type=\"container\">\n\t\t\t\t\t<div class=\"e-con-inner\">\n\t\t\t\t<div class=\"elementor-element elementor-element-7b6a1ae elementor-widget elementor-widget-heading\" data-id=\"7b6a1ae\" data-element_type=\"widget\" data-widget_type=\"heading.default\">\n\t\t\t\t<div class=\"elementor-widget-container\">\n\t\t\t\t\t<h1 class=\"elementor-heading-title elementor-size-default\">Afdruk<\/h1>\t\t\t\t<\/div>\n\t\t\t\t<\/div>\n\t\t\t\t<div class=\"elementor-element elementor-element-6b599f08 elementor-widget elementor-widget-text-editor\" data-id=\"6b599f08\" data-element_type=\"widget\" data-widget_type=\"text-editor.default\">\n\t\t\t\t<div class=\"elementor-widget-container\">\n\t\t\t\t\t\t\t\t\t<p><strong>Technologie- en opleidingscampus Cuxhaven GmbH<\/strong><\/p><p>Humphry-Davy-Stra\u00dfe 62<br \/>27472 Cuxhaven<\/p><p>Vertegenwoordigd door de algemeen directeur: Thomas Juhl\u00a0<\/p><p><strong>e-mail<\/strong><br \/>info@tac-cux.de<\/p><p><strong>Telefoon\u00a0<\/strong><br \/>+49 4721 59300-37<\/p><p><strong>Fax\u00a0<\/strong><br \/>+49 4721 59300-29<\/p><p>\u00a0<\/p><p>Inschrijving in het handelsregister:<br \/>Rechtbank van inschrijving: Rechtbank Tostedt<br \/>Registratienummer: HRB 210290<\/p><p>Omzetbelastingidentificatienummer volgens \u00a727 a Wet op de omzetbelasting:<br \/>DE363394847<\/p><p><strong>Ontwerp website<\/strong><br \/><a href=\"https:\/\/21havn.de\">21HAVN<\/a><\/p>\t\t\t\t\t\t\t\t<\/div>\n\t\t\t\t<\/div>\n\t\t\t\t<div class=\"elementor-element elementor-element-79575617 elementor-widget-divider--view-line elementor-widget elementor-widget-divider\" data-id=\"79575617\" data-element_type=\"widget\" data-widget_type=\"divider.default\">\n\t\t\t\t<div class=\"elementor-widget-container\">\n\t\t\t\t\t\t\t<div class=\"elementor-divider\">\n\t\t\t<span class=\"elementor-divider-separator\">\n\t\t\t\t\t\t<\/span>\n\t\t<\/div>\n\t\t\t\t\t\t<\/div>\n\t\t\t\t<\/div>\n\t\t\t\t<div class=\"elementor-element elementor-element-28023e60 elementor-widget elementor-widget-text-editor\" data-id=\"28023e60\" data-element_type=\"widget\" data-widget_type=\"text-editor.default\">\n\t\t\t\t<div class=\"elementor-widget-container\">\n\t\t\t\t\t\t\t\t\t<p><strong>Graphics en afbeeldingen<\/strong><\/p><p>Afbeeldingen van Pixabay.com en Unsplash.com:<br \/>Alle afbeeldingen en video's op Pixabay en Unsplash behoren tot het publieke domein in overeenstemming met de Creative Commons CC0 disclaimer. Voor zover wettelijk mogelijk, zijn alle auteursrechten en gerelateerde rechten op de inhoud overgedragen door de auteurs. De afbeeldingen en video's zijn daarom niet onderworpen aan auteursrechten en kunnen - al dan niet gewijzigd - gratis worden gebruikt voor commerci\u00eble en niet-commerci\u00eble toepassingen in digitale of gedrukte vorm zonder beeldcredits of bronvermelding.<\/p><p><strong>Aansprakelijkheidsclausule<\/strong><br \/>De inhoud van dit webproject is zorgvuldig gecontroleerd en naar beste weten samengesteld. Er wordt echter geen aanspraak gemaakt op de volledigheid, actualiteit, kwaliteit en juistheid van de hier gepresenteerde informatie. Er kan geen aansprakelijkheid worden aanvaard voor schade van welke aard dan ook die voortvloeit uit het vertrouwen op de inhoud van deze website of het gebruik ervan.<\/p><p><strong>Copyright<\/strong><br \/>De lay-out en het ontwerp van de website als geheel en de afzonderlijke elementen zijn auteursrechtelijk beschermd. Hetzelfde geldt voor de afzonderlijke redactionele bijdragen en hun selectie en samenstelling. Verder gebruik en vermenigvuldiging zijn alleen toegestaan voor priv\u00e9doeleinden, er mogen geen wijzigingen worden aangebracht en de bron moet worden vermeld. Openbaar gebruik van de website is alleen toegestaan met toestemming van de exploitant. Dit geldt niet voor offici\u00eble informatie en mededelingen. De inhoud hiervan mag door iedereen zonder speciale toestemming vrij worden gebruikt. Foto's en grafieken mogen zonder speciale toestemming van de exploitant alleen worden gebruikt als dit uitdrukkelijk op de betreffende pagina wordt vermeld.<\/p><p><strong>Inbreuk op eigendomsrechten<\/strong><br \/>Als u vermoedt dat een van uw eigendomsrechten wordt geschonden door deze website, breng ons dan onmiddellijk op de hoogte zodat we onmiddellijk corrigerende maatregelen kunnen nemen. Let op: Het inschakelen van een advocaat om een waarschuwing te geven, op kosten van de aanbieder, is niet onze bedoeling en zal worden afgewezen in de zin van de plicht om schade te beperken!<\/p><p><strong>Scheidbaarheid<\/strong>Als een van de bovenstaande clausules\/bepalingen geheel of gedeeltelijk ongeldig is als gevolg van wettelijke bepalingen, voorschriften of wetswijzigingen, wordt deze bepaling vervangen door de bepaling die het dichtst in de buurt komt van het beoogde doel van de clausule\/bepaling. Alle andere bepalingen blijven hierdoor onaangetast en blijven volledig van toepassing.<\/p>\t\t\t\t\t\t\t\t<\/div>\n\t\t\t\t<\/div>\n\t\t\t\t\t<\/div>\n\t\t\t\t<\/div>\n\t\t\t\t<\/div>","protected":false},"excerpt":{"rendered":"<p>Technologie &amp; Ausbildungscampus Cuxhaven GmbH Humphry-Davy-Stra\u00dfe 6227472 Cuxhaven Vertreten durch den Gesch\u00e4ftsf\u00fchrer: Thomas Juhl\u00a0 Emailinfo@tac-cux.de Telefon\u00a0+49 4721 59300-37 Telefax\u00a0+49 4721 59300-29 \u00a0 Eintragung im Handelsregister:Registergericht: Amtsgericht TostedtRegisternummer: HRB 210290 Umsatzsteuer-Identifikationsnummer gem\u00e4\u00df \u00a727 a Umsatzsteuergesetz:DE363394847 Website-Gestaltung21HAVN Grafiken und Bilder Bilder von Pixabay.com und Unsplash.com:Alle bereitgestellten Bilder und Videos auf Pixabay und Unsplash sind gemeinfrei (Public Domain) [&hellip;]<\/p>","protected":false},"author":1,"featured_media":0,"parent":0,"menu_order":0,"comment_status":"closed","ping_status":"closed","template":"","meta":{"_acf_changed":false,"footnotes":""},"class_list":["post-211","page","type-page","status-publish","hentry"],"acf":[],"yoast_head":"<!-- This site is optimized with the Yoast SEO plugin v23.0 - https:\/\/yoast.com\/wordpress\/plugins\/seo\/ -->\n<title>Impressum - TAC Cuxhaven<\/title>\n<meta name=\"robots\" content=\"index, follow, max-snippet:-1, max-image-preview:large, max-video-preview:-1\" \/>\n<link rel=\"canonical\" href=\"https:\/\/tac-cux.de\/nl\/impressum\/\" \/>\n<meta property=\"og:locale\" content=\"nl_NL\" \/>\n<meta property=\"og:type\" content=\"article\" \/>\n<meta property=\"og:title\" content=\"Impressum - TAC Cuxhaven\" \/>\n<meta property=\"og:description\" content=\"Technologie &amp; Ausbildungscampus Cuxhaven GmbH Humphry-Davy-Stra\u00dfe 6227472 Cuxhaven Vertreten durch den Gesch\u00e4ftsf\u00fchrer: Thomas Juhl\u00a0 Emailinfo@tac-cux.de Telefon\u00a0+49 4721 59300-37 Telefax\u00a0+49 4721 59300-29 \u00a0 Eintragung im Handelsregister:Registergericht: Amtsgericht TostedtRegisternummer: HRB 210290 Umsatzsteuer-Identifikationsnummer gem\u00e4\u00df \u00a727 a Umsatzsteuergesetz:DE363394847 Website-Gestaltung21HAVN Grafiken und Bilder Bilder von Pixabay.com und Unsplash.com:Alle bereitgestellten Bilder und Videos auf Pixabay und Unsplash sind gemeinfrei (Public Domain) [&hellip;]\" \/>\n<meta property=\"og:url\" content=\"https:\/\/tac-cux.de\/nl\/impressum\/\" \/>\n<meta property=\"og:site_name\" content=\"TAC Cuxhaven\" \/>\n<meta property=\"article:modified_time\" content=\"2026-02-06T12:38:55+00:00\" \/>\n<meta name=\"twitter:card\" content=\"summary_large_image\" \/>\n<meta name=\"twitter:label1\" content=\"Geschatte leestijd\" \/>\n\t<meta name=\"twitter:data1\" content=\"3 minuten\" \/>\n<script type=\"application\/ld+json\" class=\"yoast-schema-graph\">{\"@context\":\"https:\/\/schema.org\",\"@graph\":[{\"@type\":\"WebPage\",\"@id\":\"https:\/\/tac-cux.de\/impressum\/\",\"url\":\"https:\/\/tac-cux.de\/impressum\/\",\"name\":\"Impressum - TAC Cuxhaven\",\"isPartOf\":{\"@id\":\"https:\/\/tac-cux.de\/#website\"},\"datePublished\":\"2024-07-06T07:07:56+00:00\",\"dateModified\":\"2026-02-06T12:38:55+00:00\",\"breadcrumb\":{\"@id\":\"https:\/\/tac-cux.de\/impressum\/#breadcrumb\"},\"inLanguage\":\"nl-NL\",\"potentialAction\":[{\"@type\":\"ReadAction\",\"target\":[\"https:\/\/tac-cux.de\/impressum\/\"]}]},{\"@type\":\"BreadcrumbList\",\"@id\":\"https:\/\/tac-cux.de\/impressum\/#breadcrumb\",\"itemListElement\":[{\"@type\":\"ListItem\",\"position\":1,\"name\":\"Startseite\",\"item\":\"https:\/\/tac-cux.de\/\"},{\"@type\":\"ListItem\",\"position\":2,\"name\":\"Impressum\"}]},{\"@type\":\"WebSite\",\"@id\":\"https:\/\/tac-cux.de\/#website\",\"url\":\"https:\/\/tac-cux.de\/\",\"name\":\"TAC Cuxhaven\",\"description\":\"Technologie &amp; Ausbildungscampus\",\"publisher\":{\"@id\":\"https:\/\/tac-cux.de\/#organization\"},\"potentialAction\":[{\"@type\":\"SearchAction\",\"target\":{\"@type\":\"EntryPoint\",\"urlTemplate\":\"https:\/\/tac-cux.de\/?s={search_term_string}\"},\"query-input\":\"required name=search_term_string\"}],\"inLanguage\":\"nl-NL\"},{\"@type\":\"Organization\",\"@id\":\"https:\/\/tac-cux.de\/#organization\",\"name\":\"Technologie & Ausbildungscampus Cuxhaven\",\"alternateName\":\"TAC\",\"url\":\"https:\/\/tac-cux.de\/\",\"logo\":{\"@type\":\"ImageObject\",\"inLanguage\":\"nl-NL\",\"@id\":\"https:\/\/tac-cux.de\/#\/schema\/logo\/image\/\",\"url\":\"https:\/\/tac-cux.de\/wp-content\/uploads\/2024\/06\/tac-logo-min.png\",\"contentUrl\":\"https:\/\/tac-cux.de\/wp-content\/uploads\/2024\/06\/tac-logo-min.png\",\"width\":700,\"height\":260,\"caption\":\"Technologie & Ausbildungscampus Cuxhaven\"},\"image\":{\"@id\":\"https:\/\/tac-cux.de\/#\/schema\/logo\/image\/\"}}]}<\/script>\n<!-- \/ Yoast SEO plugin. -->","yoast_head_json":{"title":"Impressum - TAC Cuxhaven","robots":{"index":"index","follow":"follow","max-snippet":"max-snippet:-1","max-image-preview":"max-image-preview:large","max-video-preview":"max-video-preview:-1"},"canonical":"https:\/\/tac-cux.de\/nl\/impressum\/","og_locale":"nl_NL","og_type":"article","og_title":"Impressum - TAC Cuxhaven","og_description":"Technologie &amp; Ausbildungscampus Cuxhaven GmbH Humphry-Davy-Stra\u00dfe 6227472 Cuxhaven Vertreten durch den Gesch\u00e4ftsf\u00fchrer: Thomas Juhl\u00a0 Emailinfo@tac-cux.de Telefon\u00a0+49 4721 59300-37 Telefax\u00a0+49 4721 59300-29 \u00a0 Eintragung im Handelsregister:Registergericht: Amtsgericht TostedtRegisternummer: HRB 210290 Umsatzsteuer-Identifikationsnummer gem\u00e4\u00df \u00a727 a Umsatzsteuergesetz:DE363394847 Website-Gestaltung21HAVN Grafiken und Bilder Bilder von Pixabay.com und Unsplash.com:Alle bereitgestellten Bilder und Videos auf Pixabay und Unsplash sind gemeinfrei (Public Domain) [&hellip;]","og_url":"https:\/\/tac-cux.de\/nl\/impressum\/","og_site_name":"TAC Cuxhaven","article_modified_time":"2026-02-06T12:38:55+00:00","twitter_card":"summary_large_image","twitter_misc":{"Geschatte leestijd":"3 minuten"},"schema":{"@context":"https:\/\/schema.org","@graph":[{"@type":"WebPage","@id":"https:\/\/tac-cux.de\/impressum\/","url":"https:\/\/tac-cux.de\/impressum\/","name":"Impressum - TAC Cuxhaven","isPartOf":{"@id":"https:\/\/tac-cux.de\/#website"},"datePublished":"2024-07-06T07:07:56+00:00","dateModified":"2026-02-06T12:38:55+00:00","breadcrumb":{"@id":"https:\/\/tac-cux.de\/impressum\/#breadcrumb"},"inLanguage":"nl-NL","potentialAction":[{"@type":"ReadAction","target":["https:\/\/tac-cux.de\/impressum\/"]}]},{"@type":"BreadcrumbList","@id":"https:\/\/tac-cux.de\/impressum\/#breadcrumb","itemListElement":[{"@type":"ListItem","position":1,"name":"Startseite","item":"https:\/\/tac-cux.de\/"},{"@type":"ListItem","position":2,"name":"Impressum"}]},{"@type":"WebSite","@id":"https:\/\/tac-cux.de\/#website","url":"https:\/\/tac-cux.de\/","name":"TAC Cuxhaven","description":"Campus Technologie &amp; Opleiding","publisher":{"@id":"https:\/\/tac-cux.de\/#organization"},"potentialAction":[{"@type":"SearchAction","target":{"@type":"EntryPoint","urlTemplate":"https:\/\/tac-cux.de\/?s={search_term_string}"},"query-input":"required name=search_term_string"}],"inLanguage":"nl-NL"},{"@type":"Organization","@id":"https:\/\/tac-cux.de\/#organization","name":"Campus Technologie &amp; Opleiding Cuxhaven","alternateName":"TAC","url":"https:\/\/tac-cux.de\/","logo":{"@type":"ImageObject","inLanguage":"nl-NL","@id":"https:\/\/tac-cux.de\/#\/schema\/logo\/image\/","url":"https:\/\/tac-cux.de\/wp-content\/uploads\/2024\/06\/tac-logo-min.png","contentUrl":"https:\/\/tac-cux.de\/wp-content\/uploads\/2024\/06\/tac-logo-min.png","width":700,"height":260,"caption":"Technologie & Ausbildungscampus Cuxhaven"},"image":{"@id":"https:\/\/tac-cux.de\/#\/schema\/logo\/image\/"}}]}},"_links":{"self":[{"href":"https:\/\/tac-cux.de\/nl\/wp-json\/wp\/v2\/pages\/211","targetHints":{"allow":["GET"]}}],"collection":[{"href":"https:\/\/tac-cux.de\/nl\/wp-json\/wp\/v2\/pages"}],"about":[{"href":"https:\/\/tac-cux.de\/nl\/wp-json\/wp\/v2\/types\/page"}],"author":[{"embeddable":true,"href":"https:\/\/tac-cux.de\/nl\/wp-json\/wp\/v2\/users\/1"}],"replies":[{"embeddable":true,"href":"https:\/\/tac-cux.de\/nl\/wp-json\/wp\/v2\/comments?post=211"}],"version-history":[{"count":16,"href":"https:\/\/tac-cux.de\/nl\/wp-json\/wp\/v2\/pages\/211\/revisions"}],"predecessor-version":[{"id":11366,"href":"https:\/\/tac-cux.de\/nl\/wp-json\/wp\/v2\/pages\/211\/revisions\/11366"}],"wp:attachment":[{"href":"https:\/\/tac-cux.de\/nl\/wp-json\/wp\/v2\/media?parent=211"}],"curies":[{"name":"wp","href":"https:\/\/api.w.org\/{rel}","templated":true}]}}