{"id":2552,"date":"2025-06-14T10:15:01","date_gmt":"2025-06-14T08:15:01","guid":{"rendered":"https:\/\/tac-cux.de\/agb\/"},"modified":"2025-07-18T14:17:05","modified_gmt":"2025-07-18T12:17:05","slug":"agb","status":"publish","type":"page","link":"https:\/\/tac-cux.de\/it\/agb\/","title":{"rendered":"GTC"},"content":{"rendered":"<div data-elementor-type=\"wp-page\" data-elementor-id=\"2552\" class=\"elementor elementor-2552\" data-elementor-settings=\"{&quot;element_pack_global_tooltip_width&quot;:{&quot;unit&quot;:&quot;px&quot;,&quot;size&quot;:&quot;&quot;,&quot;sizes&quot;:[]},&quot;element_pack_global_tooltip_width_tablet&quot;:{&quot;unit&quot;:&quot;px&quot;,&quot;size&quot;:&quot;&quot;,&quot;sizes&quot;:[]},&quot;element_pack_global_tooltip_width_mobile&quot;:{&quot;unit&quot;:&quot;px&quot;,&quot;size&quot;:&quot;&quot;,&quot;sizes&quot;:[]},&quot;element_pack_global_tooltip_padding&quot;:{&quot;unit&quot;:&quot;px&quot;,&quot;top&quot;:&quot;&quot;,&quot;right&quot;:&quot;&quot;,&quot;bottom&quot;:&quot;&quot;,&quot;left&quot;:&quot;&quot;,&quot;isLinked&quot;:true},&quot;element_pack_global_tooltip_padding_tablet&quot;:{&quot;unit&quot;:&quot;px&quot;,&quot;top&quot;:&quot;&quot;,&quot;right&quot;:&quot;&quot;,&quot;bottom&quot;:&quot;&quot;,&quot;left&quot;:&quot;&quot;,&quot;isLinked&quot;:true},&quot;element_pack_global_tooltip_padding_mobile&quot;:{&quot;unit&quot;:&quot;px&quot;,&quot;top&quot;:&quot;&quot;,&quot;right&quot;:&quot;&quot;,&quot;bottom&quot;:&quot;&quot;,&quot;left&quot;:&quot;&quot;,&quot;isLinked&quot;:true},&quot;element_pack_global_tooltip_border_radius&quot;:{&quot;unit&quot;:&quot;px&quot;,&quot;top&quot;:&quot;&quot;,&quot;right&quot;:&quot;&quot;,&quot;bottom&quot;:&quot;&quot;,&quot;left&quot;:&quot;&quot;,&quot;isLinked&quot;:true},&quot;element_pack_global_tooltip_border_radius_tablet&quot;:{&quot;unit&quot;:&quot;px&quot;,&quot;top&quot;:&quot;&quot;,&quot;right&quot;:&quot;&quot;,&quot;bottom&quot;:&quot;&quot;,&quot;left&quot;:&quot;&quot;,&quot;isLinked&quot;:true},&quot;element_pack_global_tooltip_border_radius_mobile&quot;:{&quot;unit&quot;:&quot;px&quot;,&quot;top&quot;:&quot;&quot;,&quot;right&quot;:&quot;&quot;,&quot;bottom&quot;:&quot;&quot;,&quot;left&quot;:&quot;&quot;,&quot;isLinked&quot;:true}}\" data-elementor-post-type=\"page\">\n\t\t\t\t<div class=\"elementor-element elementor-element-f074f34 e-flex e-con-boxed e-con e-parent\" data-id=\"f074f34\" data-element_type=\"container\">\n\t\t\t\t\t<div class=\"e-con-inner\">\n\t\t\t\t<div class=\"elementor-element elementor-element-f41c3f2 elementor-widget elementor-widget-heading\" data-id=\"f41c3f2\" data-element_type=\"widget\" data-widget_type=\"heading.default\">\n\t\t\t\t<div class=\"elementor-widget-container\">\n\t\t\t\t\t<h1 class=\"elementor-heading-title elementor-size-default\">Termini e condizioni generali<\/h1>\t\t\t\t<\/div>\n\t\t\t\t<\/div>\n\t\t\t\t<div class=\"elementor-element elementor-element-ef6316b elementor-widget elementor-widget-text-editor\" data-id=\"ef6316b\" data-element_type=\"widget\" data-widget_type=\"text-editor.default\">\n\t\t\t\t<div class=\"elementor-widget-container\">\n\t\t\t\t\t\t\t\t\t<h2>1\u00b0 settore di applicazione<\/h2><p>Le presenti condizioni di partecipazione e di contratto si applicano a tutte le prenotazioni di corsi non effettuate esclusivamente online tramite il sito web del Technologie- und Ausbildungscampus Cuxhaven GmbH.<\/p><h2>2. definizioni<\/h2><ul><li><strong>a)<\/strong> Il fornitore \u00e8 Technologie- und Ausbildungscampus Cuxhaven GmbH, Humphry-Davy-Stra\u00dfe 62, 27472 Cuxhaven.<\/li><li><strong>b)<\/strong> Un partecipante \u00e8 una persona che prende parte a un corso offerto dal fornitore o che si \u00e8 iscritta a tale corso.<\/li><li><strong>c)<\/strong> Le tariffe dei corsi sono i prezzi di un corso.<\/li><li><strong>d)<\/strong> Gli onorari per la revisione contabile esterna sono onorari sostenuti da terzi per l'esecuzione di revisioni contabili, ad esempio autorit\u00e0 pubbliche, camere di commercio e industria.<\/li><li><strong>e)<\/strong> Le tasse d'esame interne sono quelle che vengono sostenute in aggiunta alle tasse del corso del fornitore quando ci si iscrive a un esame.<\/li><li><strong>f)<\/strong> Le altre tasse sono quelle che non rientrano nelle lettere d) e\/o e), ma sono sostenute per sostenere un esame.<\/li><\/ul><h2>3. requisiti di partecipazione<\/h2><ol><li>Chiunque pu\u00f2 partecipare ai corsi offerti dal fornitore. Il contratto per un corso \u00e8 concluso solo quando il fornitore rilascia una dichiarazione di accettazione. Questa deve essere inviata per e-mail o per posta entro 5 giorni lavorativi (ricezione da parte del partecipante). In caso contrario, o se la dichiarazione di accettazione non viene ricevuta in tempo, il contratto non \u00e8 concluso.<\/li><li>Se i requisiti di accesso sono necessari per una qualifica riconosciuta richiesta dal partecipante o se si vuole richiedere un finanziamento ai sensi del Codice di Sicurezza Sociale tedesco III, questi devono essere soddisfatti. \u00c8 responsabilit\u00e0 del partecipante verificare i requisiti di accesso. Se il partecipante non soddisfa i requisiti di ammissione, non \u00e8 esonerato dal pagamento della quota di iscrizione al corso.<\/li><li>In deroga al paragrafo 2, il fornitore \u00e8 responsabile della verifica dei requisiti di accesso se le misure sono sovvenzionate da un'agenzia di collocamento.<\/li><\/ol><h2>4a registrazione<\/h2><ol><li>Per partecipare a un corso, il partecipante deve compilare un modulo di iscrizione. Le condizioni di partecipazione e di contratto sono allegate al presente modulo di iscrizione. La loro validit\u00e0 \u00e8 confermata dal partecipante al momento dell'iscrizione.<\/li><li>Il contratto per un corso \u00e8 concluso solo quando il fornitore rilascia una dichiarazione di accettazione. Questa deve essere inviata per e-mail o per posta entro 5 giorni lavorativi (ricezione da parte del partecipante). In caso contrario, o se la dichiarazione di accettazione non viene ricevuta in tempo, il contratto non \u00e8 concluso.<\/li><\/ol><h2>5. Dimissioni<\/h2><ol><li>Il partecipante ha il diritto di recedere dal corso entro 14 giorni di calendario dalla stipula del contratto (cfr. n. 4. par. 1 e 2) senza dover fornire motivazioni. Se tra la stipula del contratto e l'inizio del corso intercorrono meno di 14 giorni di calendario, il diritto di recesso termina alla fine del giorno precedente a quello di inizio del corso secondo il calendario.<\/li><li>La cancellazione deve essere comunicata al prestatore in forma scritta (\u00a7 126b BGB). La cancellazione \u00e8 considerata tempestiva se il fornitore riceve la comunicazione di cancellazione entro i termini previsti.<\/li><li>I partecipanti a misure di formazione professionale sovvenzionate dai servizi per l'impiego ai sensi del Codice di sicurezza sociale tedesco III possono recedere dal contratto se la sovvenzione non viene concessa, nonostante le disposizioni del paragrafo 1. In tal caso, non si dovranno sostenere costi per giustificare il recesso. Il recesso cos\u00ec giustificato non comporta alcun costo. Il rifiuto del finanziamento da parte dell'amministrazione del lavoro deve essere tempestivamente dimostrato dal partecipante al fornitore (\u00a7 121 comma 1 frase 1 BGB).<\/li><\/ol><h2>6 Condizioni di pagamento e sollecito<\/h2><ol><li>Il partecipante \u00e8 tenuto a pagare la quota di partecipazione nei tempi previsti, come segue:<ul><li>a) Le quote di iscrizione al corso al pi\u00f9 tardi alla fine del giorno precedente a quello di inizio del corso, secondo il calendario.<\/li><li>b) Tassa d'esame il giorno dell'iscrizione all'esame,<\/li><li>c) Tasse per gli esami esterni su richiesta del fornitore,<\/li><li>d) Tassa d'esame interna il giorno dell'iscrizione,<\/li><li>e) Altri compensi su richiesta del fornitore<\/li><\/ul><\/li><li>Per i corsi di durata superiore a 3 mesi \u00e8 possibile il pagamento rateale:<ul><li>a) Il numero di rate \u00e8 pari al numero di mesi di durata del corso.<\/li><li>b) L'importo di ogni singola rata mensile \u00e8 calcolato dividendo il costo del corso per il numero di rate.<\/li><li>c) Ogni singola rata \u00e8 dovuta il primo giorno di ogni mese del periodo di rateizzazione, a partire dal primo giorno del mese di inizio del corso.<\/li><li>d) Se il partecipante \u00e8 in arretrato con pi\u00f9 di due rate, il pagamento rateale concordato sar\u00e0 annullato e la quota residua del corso in sospeso diventer\u00e0 immediatamente esigibile.<\/li><\/ul><\/li><\/ol><h2>7 Cancellazione e risoluzione<\/h2><ol><li>I corsi di formazione con durata fino a 3 mesi non possono essere annullati prematuramente. Se un programma di formazione professionale ai sensi del Codice sociale tedesco III \u00e8 suddiviso in sezioni di durata inferiore a tre mesi, pu\u00f2 essere interrotto alla fine di ogni sezione.<\/li><li>I corsi di durata superiore a 3 mesi possono essere cancellati con un preavviso di 6 settimane, la prima volta alla fine dei primi tre mesi e successivamente alla fine dei 3 mesi successivi, senza dover fornire motivazioni.<\/li><li>Esempio di quanto sopra all'inizio della misura del 3 febbraio:<ul><li>1a data di cancellazione: dal 21.03. al 02.05.<\/li><li>2a data di cancellazione: dal 21.06. al 02.08.<\/li><\/ul><\/li><li>La cancellazione deve essere dichiarata al fornitore in forma testuale (art. 126b BGB).<\/li><li>L'assenza dalle lezioni non costituisce in nessun caso un'effettiva disdetta. Gli insegnanti non sono autorizzati ad accettare disdette.<\/li><li>In caso di cancellazione, le spese saranno addebitate fino alla fine del periodo di cancellazione.<\/li><li>Il diritto alla cancellazione straordinaria rimane inalterato.<\/li><\/ol><h2>8 Programma del corso e modifiche<\/h2><ol><li>L'offerente offre l'istruzione fornita in un corso in conformit\u00e0 con il programma del corso valido al momento della stipula del contratto. L'offerente pu\u00f2 apportare modifiche al contenuto dei programmi di studio, purch\u00e9 l'obiettivo del corso rimanga invariato.<\/li><li>Se il fornitore apporta modifiche prima o durante il corso che alterano l'obiettivo del corso, deve informare il partecipante per iscritto. Il partecipante ha quindi il diritto di recedere dal contratto entro 14 giorni. Il recesso deve essere effettuato almeno in forma scritta.<\/li><li>La sostituzione del personale docente o di formazione non costituisce una modifica sostanziale ai sensi del paragrafo 2.<\/li><li>Il fornitore si riserva il diritto di cancellare i corsi annunciati a causa di una partecipazione insufficiente, di una malattia improvvisa del personale docente o di formazione o di altri imprevisti. In questo caso, le quote gi\u00e0 versate saranno rimborsate.<\/li><\/ol><h2>9 Obblighi del partecipante<\/h2><ol><li>Il partecipante \u00e8 tenuto a<ul><li>osservare le regole della casa in vigore nel luogo di insegnamento,<\/li><li>seguire le istruzioni degli organizzatori del corso e dei loro rappresentanti,<\/li><li>frequentare regolarmente le lezioni,<\/li><li>presentare i documenti richiesti in tempo utile e in modo completo,<\/li><li>rispettare le disposizioni della legge sulla formazione professionale e sulla scuola,<\/li><li>obblighi nell'ambito di misure contrattuali per terzi.<\/li><\/ul><\/li><li>I partecipanti che violano ripetutamente questi obblighi possono essere esclusi dalle lezioni.<\/li><li>Il fornitore si riserva il diritto di far valere le richieste di risarcimento danni dovute alla violazione degli obblighi di cui al paragrafo 1.<\/li><\/ol><p>\u00a0<\/p><p>Stato: 18\/07\/2025<\/p>\t\t\t\t\t\t\t\t<\/div>\n\t\t\t\t<\/div>\n\t\t\t\t\t<\/div>\n\t\t\t\t<\/div>\n\t\t\t\t<\/div>","protected":false},"excerpt":{"rendered":"<p>Algemeine Gesch\u00e4ftsbedingungen 1. Anwendungsbereich Diese Teilnahme und Vertragsbedingungen gelten f\u00fcr alle Buchungen von Kursen, die nicht ausschlie\u00dflich online \u00fcber die Webseite des Technologie- und Ausbildungscampus Cuxhaven GmbH vorgenommen werden. 2. Begriffsbestimmungen a) Anbieter ist die Technologie- und Ausbildungscampus Cuxhaven GmbH, Humphry-Davy-Stra\u00dfe 62, 27472 Cuxhaven. b) Teilnehmende\/r ist jede Person, die an einem vom Anbieter angebotenen [&hellip;]<\/p>","protected":false},"author":1,"featured_media":0,"parent":0,"menu_order":0,"comment_status":"closed","ping_status":"closed","template":"","meta":{"_acf_changed":false,"footnotes":""},"class_list":["post-2552","page","type-page","status-publish","hentry"],"acf":[],"yoast_head":"<!-- This site is optimized with the Yoast SEO plugin v23.0 - https:\/\/yoast.com\/wordpress\/plugins\/seo\/ -->\n<title>AGB - TAC Cuxhaven<\/title>\n<meta name=\"robots\" content=\"index, follow, max-snippet:-1, max-image-preview:large, max-video-preview:-1\" \/>\n<link rel=\"canonical\" href=\"https:\/\/tac-cux.de\/it\/agb\/\" \/>\n<meta property=\"og:locale\" content=\"it_IT\" \/>\n<meta property=\"og:type\" content=\"article\" \/>\n<meta property=\"og:title\" content=\"AGB - TAC Cuxhaven\" \/>\n<meta property=\"og:description\" content=\"Algemeine Gesch\u00e4ftsbedingungen 1. Anwendungsbereich Diese Teilnahme und Vertragsbedingungen gelten f\u00fcr alle Buchungen von Kursen, die nicht ausschlie\u00dflich online \u00fcber die Webseite des Technologie- und Ausbildungscampus Cuxhaven GmbH vorgenommen werden. 2. Begriffsbestimmungen a) Anbieter ist die Technologie- und Ausbildungscampus Cuxhaven GmbH, Humphry-Davy-Stra\u00dfe 62, 27472 Cuxhaven. b) Teilnehmende\/r ist jede Person, die an einem vom Anbieter angebotenen [&hellip;]\" \/>\n<meta property=\"og:url\" content=\"https:\/\/tac-cux.de\/it\/agb\/\" \/>\n<meta property=\"og:site_name\" content=\"TAC Cuxhaven\" \/>\n<meta property=\"article:modified_time\" content=\"2025-07-18T12:17:05+00:00\" \/>\n<meta name=\"twitter:card\" content=\"summary_large_image\" \/>\n<meta name=\"twitter:label1\" content=\"Tempo di lettura stimato\" \/>\n\t<meta name=\"twitter:data1\" content=\"6 minuti\" \/>\n<script type=\"application\/ld+json\" class=\"yoast-schema-graph\">{\"@context\":\"https:\/\/schema.org\",\"@graph\":[{\"@type\":\"WebPage\",\"@id\":\"https:\/\/tac-cux.de\/agb\/\",\"url\":\"https:\/\/tac-cux.de\/agb\/\",\"name\":\"AGB - TAC Cuxhaven\",\"isPartOf\":{\"@id\":\"https:\/\/tac-cux.de\/#website\"},\"datePublished\":\"2025-06-14T08:15:01+00:00\",\"dateModified\":\"2025-07-18T12:17:05+00:00\",\"breadcrumb\":{\"@id\":\"https:\/\/tac-cux.de\/agb\/#breadcrumb\"},\"inLanguage\":\"it-IT\",\"potentialAction\":[{\"@type\":\"ReadAction\",\"target\":[\"https:\/\/tac-cux.de\/agb\/\"]}]},{\"@type\":\"BreadcrumbList\",\"@id\":\"https:\/\/tac-cux.de\/agb\/#breadcrumb\",\"itemListElement\":[{\"@type\":\"ListItem\",\"position\":1,\"name\":\"Startseite\",\"item\":\"https:\/\/tac-cux.de\/\"},{\"@type\":\"ListItem\",\"position\":2,\"name\":\"AGB\"}]},{\"@type\":\"WebSite\",\"@id\":\"https:\/\/tac-cux.de\/#website\",\"url\":\"https:\/\/tac-cux.de\/\",\"name\":\"TAC Cuxhaven\",\"description\":\"Technologie &amp; Ausbildungscampus\",\"publisher\":{\"@id\":\"https:\/\/tac-cux.de\/#organization\"},\"potentialAction\":[{\"@type\":\"SearchAction\",\"target\":{\"@type\":\"EntryPoint\",\"urlTemplate\":\"https:\/\/tac-cux.de\/?s={search_term_string}\"},\"query-input\":\"required name=search_term_string\"}],\"inLanguage\":\"it-IT\"},{\"@type\":\"Organization\",\"@id\":\"https:\/\/tac-cux.de\/#organization\",\"name\":\"Technologie & Ausbildungscampus Cuxhaven\",\"alternateName\":\"TAC\",\"url\":\"https:\/\/tac-cux.de\/\",\"logo\":{\"@type\":\"ImageObject\",\"inLanguage\":\"it-IT\",\"@id\":\"https:\/\/tac-cux.de\/#\/schema\/logo\/image\/\",\"url\":\"https:\/\/tac-cux.de\/wp-content\/uploads\/2024\/06\/tac-logo-min.png\",\"contentUrl\":\"https:\/\/tac-cux.de\/wp-content\/uploads\/2024\/06\/tac-logo-min.png\",\"width\":700,\"height\":260,\"caption\":\"Technologie & Ausbildungscampus Cuxhaven\"},\"image\":{\"@id\":\"https:\/\/tac-cux.de\/#\/schema\/logo\/image\/\"}}]}<\/script>\n<!-- \/ Yoast SEO plugin. -->","yoast_head_json":{"title":"AGB - TAC Cuxhaven","robots":{"index":"index","follow":"follow","max-snippet":"max-snippet:-1","max-image-preview":"max-image-preview:large","max-video-preview":"max-video-preview:-1"},"canonical":"https:\/\/tac-cux.de\/it\/agb\/","og_locale":"it_IT","og_type":"article","og_title":"AGB - TAC Cuxhaven","og_description":"Algemeine Gesch\u00e4ftsbedingungen 1. Anwendungsbereich Diese Teilnahme und Vertragsbedingungen gelten f\u00fcr alle Buchungen von Kursen, die nicht ausschlie\u00dflich online \u00fcber die Webseite des Technologie- und Ausbildungscampus Cuxhaven GmbH vorgenommen werden. 2. Begriffsbestimmungen a) Anbieter ist die Technologie- und Ausbildungscampus Cuxhaven GmbH, Humphry-Davy-Stra\u00dfe 62, 27472 Cuxhaven. b) Teilnehmende\/r ist jede Person, die an einem vom Anbieter angebotenen [&hellip;]","og_url":"https:\/\/tac-cux.de\/it\/agb\/","og_site_name":"TAC Cuxhaven","article_modified_time":"2025-07-18T12:17:05+00:00","twitter_card":"summary_large_image","twitter_misc":{"Tempo di lettura stimato":"6 minuti"},"schema":{"@context":"https:\/\/schema.org","@graph":[{"@type":"WebPage","@id":"https:\/\/tac-cux.de\/agb\/","url":"https:\/\/tac-cux.de\/agb\/","name":"AGB - TAC Cuxhaven","isPartOf":{"@id":"https:\/\/tac-cux.de\/#website"},"datePublished":"2025-06-14T08:15:01+00:00","dateModified":"2025-07-18T12:17:05+00:00","breadcrumb":{"@id":"https:\/\/tac-cux.de\/agb\/#breadcrumb"},"inLanguage":"it-IT","potentialAction":[{"@type":"ReadAction","target":["https:\/\/tac-cux.de\/agb\/"]}]},{"@type":"BreadcrumbList","@id":"https:\/\/tac-cux.de\/agb\/#breadcrumb","itemListElement":[{"@type":"ListItem","position":1,"name":"Startseite","item":"https:\/\/tac-cux.de\/"},{"@type":"ListItem","position":2,"name":"AGB"}]},{"@type":"WebSite","@id":"https:\/\/tac-cux.de\/#website","url":"https:\/\/tac-cux.de\/","name":"TAC Cuxhaven","description":"Campus tecnologico e di formazione","publisher":{"@id":"https:\/\/tac-cux.de\/#organization"},"potentialAction":[{"@type":"SearchAction","target":{"@type":"EntryPoint","urlTemplate":"https:\/\/tac-cux.de\/?s={search_term_string}"},"query-input":"required name=search_term_string"}],"inLanguage":"it-IT"},{"@type":"Organization","@id":"https:\/\/tac-cux.de\/#organization","name":"Campus tecnologico e di formazione di Cuxhaven","alternateName":"TAC","url":"https:\/\/tac-cux.de\/","logo":{"@type":"ImageObject","inLanguage":"it-IT","@id":"https:\/\/tac-cux.de\/#\/schema\/logo\/image\/","url":"https:\/\/tac-cux.de\/wp-content\/uploads\/2024\/06\/tac-logo-min.png","contentUrl":"https:\/\/tac-cux.de\/wp-content\/uploads\/2024\/06\/tac-logo-min.png","width":700,"height":260,"caption":"Technologie & Ausbildungscampus Cuxhaven"},"image":{"@id":"https:\/\/tac-cux.de\/#\/schema\/logo\/image\/"}}]}},"_links":{"self":[{"href":"https:\/\/tac-cux.de\/it\/wp-json\/wp\/v2\/pages\/2552","targetHints":{"allow":["GET"]}}],"collection":[{"href":"https:\/\/tac-cux.de\/it\/wp-json\/wp\/v2\/pages"}],"about":[{"href":"https:\/\/tac-cux.de\/it\/wp-json\/wp\/v2\/types\/page"}],"author":[{"embeddable":true,"href":"https:\/\/tac-cux.de\/it\/wp-json\/wp\/v2\/users\/1"}],"replies":[{"embeddable":true,"href":"https:\/\/tac-cux.de\/it\/wp-json\/wp\/v2\/comments?post=2552"}],"version-history":[{"count":10,"href":"https:\/\/tac-cux.de\/it\/wp-json\/wp\/v2\/pages\/2552\/revisions"}],"predecessor-version":[{"id":3680,"href":"https:\/\/tac-cux.de\/it\/wp-json\/wp\/v2\/pages\/2552\/revisions\/3680"}],"wp:attachment":[{"href":"https:\/\/tac-cux.de\/it\/wp-json\/wp\/v2\/media?parent=2552"}],"curies":[{"name":"wp","href":"https:\/\/api.w.org\/{rel}","templated":true}]}}