{"id":211,"date":"2024-07-06T09:07:56","date_gmt":"2024-07-06T07:07:56","guid":{"rendered":"https:\/\/tac-cux.de\/?page_id=211"},"modified":"2026-02-06T13:38:55","modified_gmt":"2026-02-06T12:38:55","slug":"impressum","status":"publish","type":"page","link":"https:\/\/tac-cux.de\/fr\/impressum\/","title":{"rendered":"Mentions l\u00e9gales"},"content":{"rendered":"<div data-elementor-type=\"wp-page\" data-elementor-id=\"211\" class=\"elementor elementor-211\" data-elementor-settings=\"{&quot;element_pack_global_tooltip_width&quot;:{&quot;unit&quot;:&quot;px&quot;,&quot;size&quot;:&quot;&quot;,&quot;sizes&quot;:[]},&quot;element_pack_global_tooltip_width_tablet&quot;:{&quot;unit&quot;:&quot;px&quot;,&quot;size&quot;:&quot;&quot;,&quot;sizes&quot;:[]},&quot;element_pack_global_tooltip_width_mobile&quot;:{&quot;unit&quot;:&quot;px&quot;,&quot;size&quot;:&quot;&quot;,&quot;sizes&quot;:[]},&quot;element_pack_global_tooltip_padding&quot;:{&quot;unit&quot;:&quot;px&quot;,&quot;top&quot;:&quot;&quot;,&quot;right&quot;:&quot;&quot;,&quot;bottom&quot;:&quot;&quot;,&quot;left&quot;:&quot;&quot;,&quot;isLinked&quot;:true},&quot;element_pack_global_tooltip_padding_tablet&quot;:{&quot;unit&quot;:&quot;px&quot;,&quot;top&quot;:&quot;&quot;,&quot;right&quot;:&quot;&quot;,&quot;bottom&quot;:&quot;&quot;,&quot;left&quot;:&quot;&quot;,&quot;isLinked&quot;:true},&quot;element_pack_global_tooltip_padding_mobile&quot;:{&quot;unit&quot;:&quot;px&quot;,&quot;top&quot;:&quot;&quot;,&quot;right&quot;:&quot;&quot;,&quot;bottom&quot;:&quot;&quot;,&quot;left&quot;:&quot;&quot;,&quot;isLinked&quot;:true},&quot;element_pack_global_tooltip_border_radius&quot;:{&quot;unit&quot;:&quot;px&quot;,&quot;top&quot;:&quot;&quot;,&quot;right&quot;:&quot;&quot;,&quot;bottom&quot;:&quot;&quot;,&quot;left&quot;:&quot;&quot;,&quot;isLinked&quot;:true},&quot;element_pack_global_tooltip_border_radius_tablet&quot;:{&quot;unit&quot;:&quot;px&quot;,&quot;top&quot;:&quot;&quot;,&quot;right&quot;:&quot;&quot;,&quot;bottom&quot;:&quot;&quot;,&quot;left&quot;:&quot;&quot;,&quot;isLinked&quot;:true},&quot;element_pack_global_tooltip_border_radius_mobile&quot;:{&quot;unit&quot;:&quot;px&quot;,&quot;top&quot;:&quot;&quot;,&quot;right&quot;:&quot;&quot;,&quot;bottom&quot;:&quot;&quot;,&quot;left&quot;:&quot;&quot;,&quot;isLinked&quot;:true}}\" data-elementor-post-type=\"page\">\n\t\t\t\t<div class=\"elementor-element elementor-element-6c3e52fb e-flex e-con-boxed e-con e-parent\" data-id=\"6c3e52fb\" data-element_type=\"container\">\n\t\t\t\t\t<div class=\"e-con-inner\">\n\t\t\t\t<div class=\"elementor-element elementor-element-7b6a1ae elementor-widget elementor-widget-heading\" data-id=\"7b6a1ae\" data-element_type=\"widget\" data-widget_type=\"heading.default\">\n\t\t\t\t<div class=\"elementor-widget-container\">\n\t\t\t\t\t<h1 class=\"elementor-heading-title elementor-size-default\">Mentions l\u00e9gales<\/h1>\t\t\t\t<\/div>\n\t\t\t\t<\/div>\n\t\t\t\t<div class=\"elementor-element elementor-element-6b599f08 elementor-widget elementor-widget-text-editor\" data-id=\"6b599f08\" data-element_type=\"widget\" data-widget_type=\"text-editor.default\">\n\t\t\t\t<div class=\"elementor-widget-container\">\n\t\t\t\t\t\t\t\t\t<p><strong>Technologie &amp; Ausbildungscampus Cuxhaven GmbH<\/strong><\/p><p>62, rue Humphry-Davy<br \/>27472 Cuxhaven<\/p><p>Repr\u00e9sent\u00e9 par le directeur g\u00e9n\u00e9ral : Thomas Juhl\u00a0<\/p><p><strong>Email<\/strong><br \/>info@tac-cux.de<\/p><p><strong>T\u00e9l\u00e9phone\u00a0<\/strong><br \/>+49 4721 59300-37<\/p><p><strong>T\u00e9l\u00e9copie\u00a0<\/strong><br \/>+49 4721 59300-29<\/p><p>\u00a0<\/p><p>Inscription au registre du commerce :<br \/>Tribunal d'enregistrement : Tribunal d'instance de Tostedt<br \/>Num\u00e9ro d'enregistrement : HRB 210290<\/p><p>Num\u00e9ro d'identification de la taxe sur le chiffre d'affaires conform\u00e9ment au \u00a727 a de la loi sur la taxe sur le chiffre d'affaires :<br \/>FR363394847<\/p><p><strong>Conception du site web<\/strong><br \/><a href=\"https:\/\/21havn.de\">21HAVN<\/a><\/p>\t\t\t\t\t\t\t\t<\/div>\n\t\t\t\t<\/div>\n\t\t\t\t<div class=\"elementor-element elementor-element-79575617 elementor-widget-divider--view-line elementor-widget elementor-widget-divider\" data-id=\"79575617\" data-element_type=\"widget\" data-widget_type=\"divider.default\">\n\t\t\t\t<div class=\"elementor-widget-container\">\n\t\t\t\t\t\t\t<div class=\"elementor-divider\">\n\t\t\t<span class=\"elementor-divider-separator\">\n\t\t\t\t\t\t<\/span>\n\t\t<\/div>\n\t\t\t\t\t\t<\/div>\n\t\t\t\t<\/div>\n\t\t\t\t<div class=\"elementor-element elementor-element-28023e60 elementor-widget elementor-widget-text-editor\" data-id=\"28023e60\" data-element_type=\"widget\" data-widget_type=\"text-editor.default\">\n\t\t\t\t<div class=\"elementor-widget-container\">\n\t\t\t\t\t\t\t\t\t<p><strong>Graphiques et images<\/strong><\/p><p>Images de Pixabay.com et Unsplash.com :<br \/>Toutes les images et vid\u00e9os mises \u00e0 disposition sur Pixabay et Unsplash sont dans le domaine public conform\u00e9ment \u00e0 la renonciation Creative Commons CC0. Dans la mesure o\u00f9 la loi le permet, les auteurs ont c\u00e9d\u00e9 tous les droits d'auteur et droits voisins sur les contenus. Les images et les vid\u00e9os ne sont donc soumises \u00e0 aucun droit de copie et peuvent \u00eatre utilis\u00e9es gratuitement - modifi\u00e9es ou non - pour des applications commerciales ou non, sous forme num\u00e9rique ou imprim\u00e9e, sans cr\u00e9dit photo ni mention de la source.<\/p><p><strong>Clause de responsabilit\u00e9<\/strong><br \/>Les contenus de ce projet web ont \u00e9t\u00e9 soigneusement contr\u00f4l\u00e9s et \u00e9labor\u00e9s en toute conscience. Mais les informations pr\u00e9sent\u00e9es ici ne font pas l'objet d'une pr\u00e9tention \u00e0 l'exhaustivit\u00e9, \u00e0 l'actualit\u00e9, \u00e0 la qualit\u00e9 et \u00e0 l'exactitude. Aucune responsabilit\u00e9 ne peut \u00eatre assum\u00e9e pour les dommages de toute nature r\u00e9sultant de la confiance accord\u00e9e aux contenus de ce site web ou de leur utilisation.<\/p><p><strong>Droit d'auteur<\/strong><br \/>La mise en page et la conception de l'offre dans son ensemble ainsi que de ses diff\u00e9rents \u00e9l\u00e9ments sont prot\u00e9g\u00e9s par des droits d'auteur. Il en va de m\u00eame pour les contributions r\u00e9dactionnelles en d\u00e9tail ainsi que pour leur s\u00e9lection et leur composition. La r\u00e9utilisation et la reproduction ne sont autoris\u00e9es qu'\u00e0 des fins priv\u00e9es, aucune modification ne doit y \u00eatre apport\u00e9e, la source doit \u00eatre indiqu\u00e9e. Une utilisation publique de l'offre ne peut se faire qu'avec l'accord de l'exploitant. Les informations et communications officielles font exception \u00e0 cette r\u00e8gle. Leur contenu est librement r\u00e9utilisable par tout un chacun, sans autorisation particuli\u00e8re. Les photos et les graphiques ne peuvent \u00eatre utilis\u00e9s sans autorisation sp\u00e9ciale de l'exploitant que si cela est express\u00e9ment mentionn\u00e9 sur la page concern\u00e9e.<\/p><p><strong>Violation des droits de propri\u00e9t\u00e9 intellectuelle<\/strong><br \/>Si vous pensez que ce site web porte atteinte \u00e0 l'un de vos droits de propri\u00e9t\u00e9 intellectuelle, veuillez nous en informer imm\u00e9diatement afin que nous puissions y rem\u00e9dier sans d\u00e9lai. Veuillez prendre connaissance du fait que l'intervention d'un avocat pour une mise en demeure payante pour le fournisseur ne correspond pas \u00e0 notre volont\u00e9 et est rejet\u00e9e dans le sens de l'obligation de r\u00e9duire les dommages !<\/p><p><strong>Clause de sauvegarde<\/strong>Si l'une des clauses\/dispositions ci-dessus est totalement ou partiellement invalide en raison de dispositions l\u00e9gales, de prescriptions ou de modifications de la loi, la disposition qui se rapproche le plus de l'intention de la clause\/disposition entre en vigueur \u00e0 la place de cette disposition. Toutes les autres dispositions ne sont pas affect\u00e9es par cette disposition et continuent \u00e0 s'appliquer dans leur int\u00e9gralit\u00e9.<\/p>\t\t\t\t\t\t\t\t<\/div>\n\t\t\t\t<\/div>\n\t\t\t\t\t<\/div>\n\t\t\t\t<\/div>\n\t\t\t\t<\/div>","protected":false},"excerpt":{"rendered":"<p>Technologie &amp; Ausbildungscampus Cuxhaven GmbH Humphry-Davy-Stra\u00dfe 6227472 Cuxhaven Vertreten durch den Gesch\u00e4ftsf\u00fchrer: Thomas Juhl\u00a0 Emailinfo@tac-cux.de Telefon\u00a0+49 4721 59300-37 Telefax\u00a0+49 4721 59300-29 \u00a0 Eintragung im Handelsregister:Registergericht: Amtsgericht TostedtRegisternummer: HRB 210290 Umsatzsteuer-Identifikationsnummer gem\u00e4\u00df \u00a727 a Umsatzsteuergesetz:DE363394847 Website-Gestaltung21HAVN Grafiken und Bilder Bilder von Pixabay.com und Unsplash.com:Alle bereitgestellten Bilder und Videos auf Pixabay und Unsplash sind gemeinfrei (Public Domain) [&hellip;]<\/p>","protected":false},"author":1,"featured_media":0,"parent":0,"menu_order":0,"comment_status":"closed","ping_status":"closed","template":"","meta":{"_acf_changed":false,"footnotes":""},"class_list":["post-211","page","type-page","status-publish","hentry"],"acf":[],"yoast_head":"<!-- This site is optimized with the Yoast SEO plugin v23.0 - https:\/\/yoast.com\/wordpress\/plugins\/seo\/ -->\n<title>Impressum - TAC Cuxhaven<\/title>\n<meta name=\"robots\" content=\"index, follow, max-snippet:-1, max-image-preview:large, max-video-preview:-1\" \/>\n<link rel=\"canonical\" href=\"https:\/\/tac-cux.de\/fr\/impressum\/\" \/>\n<meta property=\"og:locale\" content=\"fr_FR\" \/>\n<meta property=\"og:type\" content=\"article\" \/>\n<meta property=\"og:title\" content=\"Impressum - TAC Cuxhaven\" \/>\n<meta property=\"og:description\" content=\"Technologie &amp; Ausbildungscampus Cuxhaven GmbH Humphry-Davy-Stra\u00dfe 6227472 Cuxhaven Vertreten durch den Gesch\u00e4ftsf\u00fchrer: Thomas Juhl\u00a0 Emailinfo@tac-cux.de Telefon\u00a0+49 4721 59300-37 Telefax\u00a0+49 4721 59300-29 \u00a0 Eintragung im Handelsregister:Registergericht: Amtsgericht TostedtRegisternummer: HRB 210290 Umsatzsteuer-Identifikationsnummer gem\u00e4\u00df \u00a727 a Umsatzsteuergesetz:DE363394847 Website-Gestaltung21HAVN Grafiken und Bilder Bilder von Pixabay.com und Unsplash.com:Alle bereitgestellten Bilder und Videos auf Pixabay und Unsplash sind gemeinfrei (Public Domain) [&hellip;]\" \/>\n<meta property=\"og:url\" content=\"https:\/\/tac-cux.de\/fr\/impressum\/\" \/>\n<meta property=\"og:site_name\" content=\"TAC Cuxhaven\" \/>\n<meta property=\"article:modified_time\" content=\"2026-02-06T12:38:55+00:00\" \/>\n<meta name=\"twitter:card\" content=\"summary_large_image\" \/>\n<meta name=\"twitter:label1\" content=\"Dur\u00e9e de lecture estim\u00e9e\" \/>\n\t<meta name=\"twitter:data1\" content=\"3 minutes\" \/>\n<script type=\"application\/ld+json\" class=\"yoast-schema-graph\">{\"@context\":\"https:\/\/schema.org\",\"@graph\":[{\"@type\":\"WebPage\",\"@id\":\"https:\/\/tac-cux.de\/impressum\/\",\"url\":\"https:\/\/tac-cux.de\/impressum\/\",\"name\":\"Impressum - TAC Cuxhaven\",\"isPartOf\":{\"@id\":\"https:\/\/tac-cux.de\/#website\"},\"datePublished\":\"2024-07-06T07:07:56+00:00\",\"dateModified\":\"2026-02-06T12:38:55+00:00\",\"breadcrumb\":{\"@id\":\"https:\/\/tac-cux.de\/impressum\/#breadcrumb\"},\"inLanguage\":\"fr-FR\",\"potentialAction\":[{\"@type\":\"ReadAction\",\"target\":[\"https:\/\/tac-cux.de\/impressum\/\"]}]},{\"@type\":\"BreadcrumbList\",\"@id\":\"https:\/\/tac-cux.de\/impressum\/#breadcrumb\",\"itemListElement\":[{\"@type\":\"ListItem\",\"position\":1,\"name\":\"Startseite\",\"item\":\"https:\/\/tac-cux.de\/\"},{\"@type\":\"ListItem\",\"position\":2,\"name\":\"Impressum\"}]},{\"@type\":\"WebSite\",\"@id\":\"https:\/\/tac-cux.de\/#website\",\"url\":\"https:\/\/tac-cux.de\/\",\"name\":\"TAC Cuxhaven\",\"description\":\"Technologie &amp; Ausbildungscampus\",\"publisher\":{\"@id\":\"https:\/\/tac-cux.de\/#organization\"},\"potentialAction\":[{\"@type\":\"SearchAction\",\"target\":{\"@type\":\"EntryPoint\",\"urlTemplate\":\"https:\/\/tac-cux.de\/?s={search_term_string}\"},\"query-input\":\"required name=search_term_string\"}],\"inLanguage\":\"fr-FR\"},{\"@type\":\"Organization\",\"@id\":\"https:\/\/tac-cux.de\/#organization\",\"name\":\"Technologie & Ausbildungscampus Cuxhaven\",\"alternateName\":\"TAC\",\"url\":\"https:\/\/tac-cux.de\/\",\"logo\":{\"@type\":\"ImageObject\",\"inLanguage\":\"fr-FR\",\"@id\":\"https:\/\/tac-cux.de\/#\/schema\/logo\/image\/\",\"url\":\"https:\/\/tac-cux.de\/wp-content\/uploads\/2024\/06\/tac-logo-min.png\",\"contentUrl\":\"https:\/\/tac-cux.de\/wp-content\/uploads\/2024\/06\/tac-logo-min.png\",\"width\":700,\"height\":260,\"caption\":\"Technologie & Ausbildungscampus Cuxhaven\"},\"image\":{\"@id\":\"https:\/\/tac-cux.de\/#\/schema\/logo\/image\/\"}}]}<\/script>\n<!-- \/ Yoast SEO plugin. -->","yoast_head_json":{"title":"Impressum - TAC Cuxhaven","robots":{"index":"index","follow":"follow","max-snippet":"max-snippet:-1","max-image-preview":"max-image-preview:large","max-video-preview":"max-video-preview:-1"},"canonical":"https:\/\/tac-cux.de\/fr\/impressum\/","og_locale":"fr_FR","og_type":"article","og_title":"Impressum - TAC Cuxhaven","og_description":"Technologie &amp; Ausbildungscampus Cuxhaven GmbH Humphry-Davy-Stra\u00dfe 6227472 Cuxhaven Vertreten durch den Gesch\u00e4ftsf\u00fchrer: Thomas Juhl\u00a0 Emailinfo@tac-cux.de Telefon\u00a0+49 4721 59300-37 Telefax\u00a0+49 4721 59300-29 \u00a0 Eintragung im Handelsregister:Registergericht: Amtsgericht TostedtRegisternummer: HRB 210290 Umsatzsteuer-Identifikationsnummer gem\u00e4\u00df \u00a727 a Umsatzsteuergesetz:DE363394847 Website-Gestaltung21HAVN Grafiken und Bilder Bilder von Pixabay.com und Unsplash.com:Alle bereitgestellten Bilder und Videos auf Pixabay und Unsplash sind gemeinfrei (Public Domain) [&hellip;]","og_url":"https:\/\/tac-cux.de\/fr\/impressum\/","og_site_name":"TAC Cuxhaven","article_modified_time":"2026-02-06T12:38:55+00:00","twitter_card":"summary_large_image","twitter_misc":{"Dur\u00e9e de lecture estim\u00e9e":"3 minutes"},"schema":{"@context":"https:\/\/schema.org","@graph":[{"@type":"WebPage","@id":"https:\/\/tac-cux.de\/impressum\/","url":"https:\/\/tac-cux.de\/impressum\/","name":"Impressum - TAC Cuxhaven","isPartOf":{"@id":"https:\/\/tac-cux.de\/#website"},"datePublished":"2024-07-06T07:07:56+00:00","dateModified":"2026-02-06T12:38:55+00:00","breadcrumb":{"@id":"https:\/\/tac-cux.de\/impressum\/#breadcrumb"},"inLanguage":"fr-FR","potentialAction":[{"@type":"ReadAction","target":["https:\/\/tac-cux.de\/impressum\/"]}]},{"@type":"BreadcrumbList","@id":"https:\/\/tac-cux.de\/impressum\/#breadcrumb","itemListElement":[{"@type":"ListItem","position":1,"name":"Startseite","item":"https:\/\/tac-cux.de\/"},{"@type":"ListItem","position":2,"name":"Impressum"}]},{"@type":"WebSite","@id":"https:\/\/tac-cux.de\/#website","url":"https:\/\/tac-cux.de\/","name":"TAC Cuxhaven","description":"Campus de technologie et de formation","publisher":{"@id":"https:\/\/tac-cux.de\/#organization"},"potentialAction":[{"@type":"SearchAction","target":{"@type":"EntryPoint","urlTemplate":"https:\/\/tac-cux.de\/?s={search_term_string}"},"query-input":"required name=search_term_string"}],"inLanguage":"fr-FR"},{"@type":"Organization","@id":"https:\/\/tac-cux.de\/#organization","name":"Campus de technologie et de formation de Cuxhaven","alternateName":"TAC","url":"https:\/\/tac-cux.de\/","logo":{"@type":"ImageObject","inLanguage":"fr-FR","@id":"https:\/\/tac-cux.de\/#\/schema\/logo\/image\/","url":"https:\/\/tac-cux.de\/wp-content\/uploads\/2024\/06\/tac-logo-min.png","contentUrl":"https:\/\/tac-cux.de\/wp-content\/uploads\/2024\/06\/tac-logo-min.png","width":700,"height":260,"caption":"Technologie & Ausbildungscampus Cuxhaven"},"image":{"@id":"https:\/\/tac-cux.de\/#\/schema\/logo\/image\/"}}]}},"_links":{"self":[{"href":"https:\/\/tac-cux.de\/fr\/wp-json\/wp\/v2\/pages\/211","targetHints":{"allow":["GET"]}}],"collection":[{"href":"https:\/\/tac-cux.de\/fr\/wp-json\/wp\/v2\/pages"}],"about":[{"href":"https:\/\/tac-cux.de\/fr\/wp-json\/wp\/v2\/types\/page"}],"author":[{"embeddable":true,"href":"https:\/\/tac-cux.de\/fr\/wp-json\/wp\/v2\/users\/1"}],"replies":[{"embeddable":true,"href":"https:\/\/tac-cux.de\/fr\/wp-json\/wp\/v2\/comments?post=211"}],"version-history":[{"count":16,"href":"https:\/\/tac-cux.de\/fr\/wp-json\/wp\/v2\/pages\/211\/revisions"}],"predecessor-version":[{"id":11366,"href":"https:\/\/tac-cux.de\/fr\/wp-json\/wp\/v2\/pages\/211\/revisions\/11366"}],"wp:attachment":[{"href":"https:\/\/tac-cux.de\/fr\/wp-json\/wp\/v2\/media?parent=211"}],"curies":[{"name":"wp","href":"https:\/\/api.w.org\/{rel}","templated":true}]}}